{"id":114815,"date":"2024-11-20T14:07:56","date_gmt":"2024-11-20T13:07:56","guid":{"rendered":"https:\/\/secureus.se\/?post_type=product&#038;p=114815"},"modified":"2026-01-12T12:57:06","modified_gmt":"2026-01-12T11:57:06","slug":"flexiplus-6-a4-liggande-brochyrfack","status":"publish","type":"product","link":"https:\/\/secureus.se\/pl\/flexiplus-6-a4-liggande-brochyrfack\/","title":{"rendered":"Taca na broszury FLEXIPLUS 6 A4 w formacie poziomym"},"content":{"rendered":"<p>Tace formularzowe, stojaki na broszury, skrzynki na listy - FLEXIPLUS to seria oszcz\u0119dzaj\u0105cych miejsce, elastycznych i montowanych na \u015bcianie uchwyt\u00f3w na broszury, czasopisma, formularze i inne informacje w formacie A4. W ka\u017cdej komorze mieszcz\u0105 si\u0119 wi\u0105zki o grubo\u015bci 24 mm. Jest to kompletny zestaw z 6 przegr\u00f3dkami w formacie poziomym, kt\u00f3re mo\u017cna zmontowa\u0107 razem lub u\u017cywa\u0107 osobno. W zestawie komplet \u015brub i ko\u0142k\u00f3w. Wymiary ka\u017cdej przegr\u00f3dki to 34\u00d719,5\u00d73,5 cm (szer. x wys. x g\u0142.). Zamontowany pod k\u0105tem od \u015bciany, ma wysoko\u015b\u0107 10 cm, szeroko\u015b\u0107 34 cm i wysoko\u015b\u0107 52 cm po z\u0142o\u017ceniu wszystkich 6 przegr\u00f3dek. W razie potrzeby mo\u017cna doda\u0107 wi\u0119cej przegr\u00f3dek, \u0142\u0105cz\u0105c je jedna za drug\u0105.<br \/>\nAkcesoria: Wi\u0119cej przegr\u00f3dek w zestawie po 2 sztuki, numer artyku\u0142u 1709014400<\/p>","protected":false},"excerpt":{"rendered":"<p>Kompletny zestaw sk\u0142adaj\u0105cy si\u0119 z 6 tac na broszury FLEXIPLUS A4 w formacie poziomym.<\/p>","protected":false},"featured_media":133673,"template":"","meta":{"_acf_changed":false},"product_brand":[],"product_cat":[4280],"product_tag":[4376],"class_list":{"0":"post-114815","1":"product","2":"type-product","3":"status-publish","4":"has-post-thumbnail","6":"product_cat-broschyrstall","7":"product_tag-transparent","8":"product_shipping_class-tunga-paket","9":"pa_brands-durable","10":"pa_farg-transparent","11":"tm-no-options","13":"first","14":"instock","15":"sale","16":"taxable","17":"shipping-taxable","18":"purchasable","19":"product-type-simple"},"acf":[],"_links":{"self":[{"href":"https:\/\/secureus.se\/pl\/wp-json\/wp\/v2\/product\/114815","targetHints":{"allow":["GET"]}}],"collection":[{"href":"https:\/\/secureus.se\/pl\/wp-json\/wp\/v2\/product"}],"about":[{"href":"https:\/\/secureus.se\/pl\/wp-json\/wp\/v2\/types\/product"}],"wp:featuredmedia":[{"embeddable":true,"href":"https:\/\/secureus.se\/pl\/wp-json\/wp\/v2\/media\/133673"}],"wp:attachment":[{"href":"https:\/\/secureus.se\/pl\/wp-json\/wp\/v2\/media?parent=114815"}],"wp:term":[{"taxonomy":"product_brand","embeddable":true,"href":"https:\/\/secureus.se\/pl\/wp-json\/wp\/v2\/product_brand?post=114815"},{"taxonomy":"product_cat","embeddable":true,"href":"https:\/\/secureus.se\/pl\/wp-json\/wp\/v2\/product_cat?post=114815"},{"taxonomy":"product_tag","embeddable":true,"href":"https:\/\/secureus.se\/pl\/wp-json\/wp\/v2\/product_tag?post=114815"}],"curies":[{"name":"wp","href":"https:\/\/api.w.org\/{rel}","templated":true}]}}