{"id":114885,"date":"2025-01-07T11:02:23","date_gmt":"2025-01-07T10:02:23","guid":{"rendered":"https:\/\/secureus.se\/?post_type=product&#038;p=114885"},"modified":"2026-01-12T12:37:32","modified_gmt":"2026-01-12T11:37:32","slug":"bladderstall-function-magnet-wall-module-10","status":"publish","type":"product","link":"https:\/\/secureus.se\/pl\/bladderstall-function-magnet-wall-module-10\/","title":{"rendered":"Stojak na flipchart FUNKCJA MAGNETYCZNY MODU\u0141 \u015aCIENNY 10"},"content":{"rendered":"<p>Uchwyt \u015bcienny FUNCTION wykonany z metalu na 10 paneli A4. Mocny magnes z ty\u0142u umo\u017cliwiaj\u0105cy monta\u017c na metalowych p\u00f3\u0142kach, rega\u0142ach paletowych lub maszynach. Kieszenie (ramki, panele) zamawia si\u0119 osobno.<br \/>\nAkcesoria: SHERPA\u00b0PANEL numer artyku\u0142u 5606 w r\u00f3\u017cnych kolorach. Uchwyt nag\u0142\u00f3wka 560919 lub 560319<\/p>","protected":false},"excerpt":{"rendered":"<p>Pusty wieszak \u015bcienny FUNTION wykonany z metalu z silnym magnesem z ty\u0142u. Na 10 paneli A4.<\/p>","protected":false},"featured_media":135276,"template":"","meta":{"_acf_changed":false},"product_brand":[],"product_cat":[4299,4256],"product_tag":[4393],"class_list":{"0":"post-114885","1":"product","2":"type-product","3":"status-publish","4":"has-post-thumbnail","6":"product_cat-bladderpanelsystem-vagg","7":"product_cat-ramar-informationsstall","8":"product_tag-gra","9":"product_shipping_class-tunga-paket","10":"pa_brands-durable","11":"pa_farg-gra","12":"tm-no-options","14":"first","15":"instock","16":"sale","17":"taxable","18":"shipping-taxable","19":"purchasable","20":"product-type-simple"},"acf":[],"_links":{"self":[{"href":"https:\/\/secureus.se\/pl\/wp-json\/wp\/v2\/product\/114885","targetHints":{"allow":["GET"]}}],"collection":[{"href":"https:\/\/secureus.se\/pl\/wp-json\/wp\/v2\/product"}],"about":[{"href":"https:\/\/secureus.se\/pl\/wp-json\/wp\/v2\/types\/product"}],"wp:featuredmedia":[{"embeddable":true,"href":"https:\/\/secureus.se\/pl\/wp-json\/wp\/v2\/media\/135276"}],"wp:attachment":[{"href":"https:\/\/secureus.se\/pl\/wp-json\/wp\/v2\/media?parent=114885"}],"wp:term":[{"taxonomy":"product_brand","embeddable":true,"href":"https:\/\/secureus.se\/pl\/wp-json\/wp\/v2\/product_brand?post=114885"},{"taxonomy":"product_cat","embeddable":true,"href":"https:\/\/secureus.se\/pl\/wp-json\/wp\/v2\/product_cat?post=114885"},{"taxonomy":"product_tag","embeddable":true,"href":"https:\/\/secureus.se\/pl\/wp-json\/wp\/v2\/product_tag?post=114885"}],"curies":[{"name":"wp","href":"https:\/\/api.w.org\/{rel}","templated":true}]}}