{"id":114920,"date":"2025-01-07T11:02:22","date_gmt":"2025-01-07T10:02:22","guid":{"rendered":"https:\/\/secureus.se\/?post_type=product&#038;p=114920"},"modified":"2026-01-12T12:34:42","modified_gmt":"2026-01-12T11:34:42","slug":"bladderpanel-function-panel-a4-2","status":"publish","type":"product","link":"https:\/\/secureus.se\/pl\/bladderpanel-function-panel-a4-2\/","title":{"rendered":"Panel obrotowy PANEL FUNKCYJNY A4"},"content":{"rendered":"<p>Wytrzyma\u0142y, skanowalny panel na dokumenty w formacie A4 z kolorow\u0105 kraw\u0119dzi\u0105 zewn\u0119trzn\u0105 i sta\u0142ymi uchwytami na nag\u0142\u00f3wki w r\u00f3\u017cnych kolorach. Do stosowania w systemach przegl\u0105dowych z kolcami zintegrowanymi w uchwycie. Otw\u00f3r u g\u00f3ry umo\u017cliwiaj\u0105cy wymian\u0119 dokument\u00f3w. Uniwersalnie perforowane, pasuj\u0105ce r\u00f3wnie\u017c do segregator\u00f3w. Minimalny zakup to pakiet 5 paneli.<\/p>","protected":false},"excerpt":{"rendered":"<p>Kiesze\u0144 plastikowa z zamocowanymi na sta\u0142e uchwytami na etykiety. Nadaje si\u0119 do sto\u0142\u00f3w i stojak\u00f3w \u015bciennych, kt\u00f3re maj\u0105 kolce zintegrowane z uchwytem.<\/p>","protected":false},"featured_media":134817,"template":"","meta":{"_acf_changed":false},"product_brand":[],"product_cat":[4301],"product_tag":[4387],"class_list":{"0":"post-114920","1":"product","2":"type-product","3":"status-publish","4":"has-post-thumbnail","6":"product_cat-tillbehor-till-bladderpanelsystem","7":"product_tag-bla","8":"product_shipping_class-tunga-paket","9":"pa_brands-durable","10":"pa_farg-bla","11":"tm-no-options","13":"first","14":"instock","15":"sale","16":"taxable","17":"shipping-taxable","18":"purchasable","19":"product-type-simple"},"acf":[],"_links":{"self":[{"href":"https:\/\/secureus.se\/pl\/wp-json\/wp\/v2\/product\/114920","targetHints":{"allow":["GET"]}}],"collection":[{"href":"https:\/\/secureus.se\/pl\/wp-json\/wp\/v2\/product"}],"about":[{"href":"https:\/\/secureus.se\/pl\/wp-json\/wp\/v2\/types\/product"}],"wp:featuredmedia":[{"embeddable":true,"href":"https:\/\/secureus.se\/pl\/wp-json\/wp\/v2\/media\/134817"}],"wp:attachment":[{"href":"https:\/\/secureus.se\/pl\/wp-json\/wp\/v2\/media?parent=114920"}],"wp:term":[{"taxonomy":"product_brand","embeddable":true,"href":"https:\/\/secureus.se\/pl\/wp-json\/wp\/v2\/product_brand?post=114920"},{"taxonomy":"product_cat","embeddable":true,"href":"https:\/\/secureus.se\/pl\/wp-json\/wp\/v2\/product_cat?post=114920"},{"taxonomy":"product_tag","embeddable":true,"href":"https:\/\/secureus.se\/pl\/wp-json\/wp\/v2\/product_tag?post=114920"}],"curies":[{"name":"wp","href":"https:\/\/api.w.org\/{rel}","templated":true}]}}