{"id":114941,"date":"2024-11-20T13:57:46","date_gmt":"2024-11-20T12:57:46","guid":{"rendered":"https:\/\/secureus.se\/?post_type=product&#038;p=114941"},"modified":"2026-01-12T12:25:08","modified_gmt":"2026-01-12T11:25:08","slug":"etiketter-49x1055-a6-refill","status":"publish","type":"product","link":"https:\/\/secureus.se\/pl\/etiketter-49x1055-a6-refill\/","title":{"rendered":"Etykiety 49\u00d7105,5 (A6) wk\u0142ad"},"content":{"rendered":"<p>Bia\u0142e arkusze A4 o gramaturze 160 gr, pasuj\u0105ce do szyld\u00f3w INFO SIGN 4801 i CLICK SIGN 4861, format A6 poziomy 149\u00d7105,5mm. Zaprojektuj znak korzystaj\u0105c z bezp\u0142atnego programu DURAPRINT\u00ae dost\u0119pnego na www.duraprint.se i wydrukuj za pomoc\u0105 drukarki laserowej. Opakowanie zawiera 10 arkuszy z 2 wk\u0142adkami na znaki\/arkusz. Arkusze s\u0105 perforowane i \u0142atwo je rozerwa\u0107.<\/p>","protected":false},"excerpt":{"rendered":"<p>20 bia\u0142ych wk\u0142adek do tabliczek INFO SIGN 4801 i CLICK SIGN 4861, poziomo A6 (149\u00d7105,5mm).<\/p>","protected":false},"featured_media":135081,"template":"","meta":{"_acf_changed":false},"product_brand":[],"product_cat":[4265,4263,4206],"product_tag":[4396],"class_list":{"0":"post-114941","1":"product","2":"type-product","3":"status-publish","4":"has-post-thumbnail","6":"product_cat-dorrskyltar-i-alumunium","7":"product_cat-dorrskyltar-i-plast","8":"product_cat-kontor-lager","9":"product_tag-vit","10":"product_shipping_class-tunga-paket","11":"pa_brands-durable","12":"pa_farg-vit","13":"tm-no-options","15":"first","16":"instock","17":"sale","18":"taxable","19":"shipping-taxable","20":"purchasable","21":"product-type-simple"},"acf":[],"_links":{"self":[{"href":"https:\/\/secureus.se\/pl\/wp-json\/wp\/v2\/product\/114941","targetHints":{"allow":["GET"]}}],"collection":[{"href":"https:\/\/secureus.se\/pl\/wp-json\/wp\/v2\/product"}],"about":[{"href":"https:\/\/secureus.se\/pl\/wp-json\/wp\/v2\/types\/product"}],"wp:featuredmedia":[{"embeddable":true,"href":"https:\/\/secureus.se\/pl\/wp-json\/wp\/v2\/media\/135081"}],"wp:attachment":[{"href":"https:\/\/secureus.se\/pl\/wp-json\/wp\/v2\/media?parent=114941"}],"wp:term":[{"taxonomy":"product_brand","embeddable":true,"href":"https:\/\/secureus.se\/pl\/wp-json\/wp\/v2\/product_brand?post=114941"},{"taxonomy":"product_cat","embeddable":true,"href":"https:\/\/secureus.se\/pl\/wp-json\/wp\/v2\/product_cat?post=114941"},{"taxonomy":"product_tag","embeddable":true,"href":"https:\/\/secureus.se\/pl\/wp-json\/wp\/v2\/product_tag?post=114941"}],"curies":[{"name":"wp","href":"https:\/\/api.w.org\/{rel}","templated":true}]}}