{"id":115004,"date":"2024-11-20T14:07:28","date_gmt":"2024-11-20T13:07:28","guid":{"rendered":"https:\/\/secureus.se\/?post_type=product&#038;p=115004"},"modified":"2026-01-12T13:01:44","modified_gmt":"2026-01-12T12:01:44","slug":"flexiboxx-6-a4-liggande-brochyrfack-2","status":"publish","type":"product","link":"https:\/\/secureus.se\/pl\/flexiboxx-6-a4-liggande-brochyrfack-2\/","title":{"rendered":"Pozioma taca na broszury FLEXIBOXX 6 A4"},"content":{"rendered":"<p>Przegroda na formularze, stojak na broszury, skrzynka na listy - FLEXIBOXX to seria oszcz\u0119dzaj\u0105cych miejsce, elastycznych i montowanych na \u015bcianie uchwyt\u00f3w na broszury, czasopisma, formularze i inne informacje w formacie A4. W ka\u017cdej komorze mieszcz\u0105 si\u0119 wi\u0105zki o grubo\u015bci 24 mm. Jest to kompletny zestaw sk\u0142adaj\u0105cy si\u0119 z 6 przegr\u00f3dek w uk\u0142adzie poziomym, p\u0142yty czo\u0142owej oraz \u015brub i ko\u0142k\u00f3w. Wymiary poszczeg\u00f3lnych przegr\u00f3dek wynosz\u0105 35x28x3,5 cm (szer. x wys. x g\u0142.). Po z\u0142o\u017ceniu i zamontowaniu pod k\u0105tem od \u015bciany, ma wymiary 9,5 cm, szeroko\u015b\u0107 35 cm i wysoko\u015b\u0107 62 cm.<\/p>","protected":false},"excerpt":{"rendered":"<p>Kompletny zestaw sk\u0142adaj\u0105cy si\u0119 z 6 tacek na ulotki FLEXIBOXX A4 w formacie poziomym i p\u0142yty czo\u0142owej.<\/p>","protected":false},"featured_media":133883,"template":"","meta":{"_acf_changed":false},"product_brand":[],"product_cat":[4280],"product_tag":[4381],"class_list":{"0":"post-115004","1":"product","2":"type-product","3":"status-publish","4":"has-post-thumbnail","6":"product_cat-broschyrstall","7":"product_tag-svart","8":"product_shipping_class-tunga-paket","9":"pa_brands-durable","10":"pa_farg-svart","11":"tm-no-options","13":"first","14":"instock","15":"sale","16":"taxable","17":"shipping-taxable","18":"purchasable","19":"product-type-simple"},"acf":[],"_links":{"self":[{"href":"https:\/\/secureus.se\/pl\/wp-json\/wp\/v2\/product\/115004","targetHints":{"allow":["GET"]}}],"collection":[{"href":"https:\/\/secureus.se\/pl\/wp-json\/wp\/v2\/product"}],"about":[{"href":"https:\/\/secureus.se\/pl\/wp-json\/wp\/v2\/types\/product"}],"wp:featuredmedia":[{"embeddable":true,"href":"https:\/\/secureus.se\/pl\/wp-json\/wp\/v2\/media\/133883"}],"wp:attachment":[{"href":"https:\/\/secureus.se\/pl\/wp-json\/wp\/v2\/media?parent=115004"}],"wp:term":[{"taxonomy":"product_brand","embeddable":true,"href":"https:\/\/secureus.se\/pl\/wp-json\/wp\/v2\/product_brand?post=115004"},{"taxonomy":"product_cat","embeddable":true,"href":"https:\/\/secureus.se\/pl\/wp-json\/wp\/v2\/product_cat?post=115004"},{"taxonomy":"product_tag","embeddable":true,"href":"https:\/\/secureus.se\/pl\/wp-json\/wp\/v2\/product_tag?post=115004"}],"curies":[{"name":"wp","href":"https:\/\/api.w.org\/{rel}","templated":true}]}}