{"id":115011,"date":"2024-11-20T14:41:21","date_gmt":"2024-11-20T13:41:21","guid":{"rendered":"https:\/\/secureus.se\/?post_type=product&#038;p=115011"},"modified":"2026-01-12T12:28:33","modified_gmt":"2026-01-12T11:28:33","slug":"magnetram-duraframe-magnetic-a6-2","status":"publish","type":"product","link":"https:\/\/secureus.se\/pl\/magnetram-duraframe-magnetic-a6-2\/","title":{"rendered":"Ramka magnetyczna DURAFRAME\u00ae MAGNETIC A6"},"content":{"rendered":"<p>Skorzystaj z magnetycznie przyklejanych ramek informacyjnych DURAFRAME\u00ae MAGNETIC, aby w profesjonalny, szybki i \u0142atwy spos\u00f3b wy\u015bwietla\u0107 instrukcje obs\u0142ugi, dane dotycz\u0105ce maszyn, informacje o pracownikach i inne tymczasowe lub trwalsze informacje.<br \/>\nUmie\u015b\u0107 arkusz ochronny z magnesem na ca\u0142ej kraw\u0119dzi ramki nad dokumentem i umie\u015b\u0107 go np. na tablicach, szafkach do przewijania, metalowych \u015bcianach lub lod\u00f3wkach. Jasne! Schludna i \u0142atwiejsza obs\u0142uga ni\u017c np. ta\u015bma. DURAFRAME\u00ae MAGNETIC jest dost\u0119pny dla dokument\u00f3w od A6 do A3 i w r\u00f3\u017cnych rozmiarach opakowa\u0144. Dost\u0119pny w kilku wersjach kolorystycznych, dzi\u0119ki czemu oznakowanie dopasowuje si\u0119 do przekazu, koloru logo, pory roku lub jest wystarczaj\u0105co widoczne, a mo\u017ce wr\u0119cz odwrotnie \u2013 dyskretne.<br \/>\nDo dokument\u00f3w w formacie A6. Wymiary zewn\u0119trzne 130\u00d7176 mm.<br \/>\nOpakowanie zawiera 5 szt<\/p>","protected":false},"excerpt":{"rendered":"<p>Ramka magnetyczna do przejrzystego wy\u015bwietlania informacji. Do dokument\u00f3w montowanych na powierzchniach metalowych.<\/p>","protected":false},"featured_media":133417,"template":"","meta":{"_acf_changed":false},"product_brand":[],"product_cat":[4295],"product_tag":[4381],"class_list":{"0":"post-115011","1":"product","2":"type-product","3":"status-publish","4":"has-post-thumbnail","6":"product_cat-inforamar-for-metallytor","7":"product_tag-svart","8":"product_shipping_class-tunga-paket","9":"pa_brands-durable","10":"pa_farg-svart","11":"tm-no-options","13":"first","14":"instock","15":"sale","16":"taxable","17":"shipping-taxable","18":"purchasable","19":"product-type-simple"},"acf":[],"_links":{"self":[{"href":"https:\/\/secureus.se\/pl\/wp-json\/wp\/v2\/product\/115011","targetHints":{"allow":["GET"]}}],"collection":[{"href":"https:\/\/secureus.se\/pl\/wp-json\/wp\/v2\/product"}],"about":[{"href":"https:\/\/secureus.se\/pl\/wp-json\/wp\/v2\/types\/product"}],"wp:featuredmedia":[{"embeddable":true,"href":"https:\/\/secureus.se\/pl\/wp-json\/wp\/v2\/media\/133417"}],"wp:attachment":[{"href":"https:\/\/secureus.se\/pl\/wp-json\/wp\/v2\/media?parent=115011"}],"wp:term":[{"taxonomy":"product_brand","embeddable":true,"href":"https:\/\/secureus.se\/pl\/wp-json\/wp\/v2\/product_brand?post=115011"},{"taxonomy":"product_cat","embeddable":true,"href":"https:\/\/secureus.se\/pl\/wp-json\/wp\/v2\/product_cat?post=115011"},{"taxonomy":"product_tag","embeddable":true,"href":"https:\/\/secureus.se\/pl\/wp-json\/wp\/v2\/product_tag?post=115011"}],"curies":[{"name":"wp","href":"https:\/\/api.w.org\/{rel}","templated":true}]}}