{"id":115035,"date":"2024-11-20T14:03:10","date_gmt":"2024-11-20T13:03:10","guid":{"rendered":"https:\/\/secureus.se\/?post_type=product&#038;p=115035"},"modified":"2026-01-12T12:52:17","modified_gmt":"2026-01-12T11:52:17","slug":"combiboxx-a4-utbyggnadsdel","status":"publish","type":"product","link":"https:\/\/secureus.se\/pl\/combiboxx-a4-utbyggnadsdel\/","title":{"rendered":"Cz\u0119\u015b\u0107 przed\u0142u\u017caj\u0105ca COMBIBOXX A4"},"content":{"rendered":"<p>\u0141\u0105cz wed\u0142ug w\u0142asnego uznania z rozszerzaln\u0105 i wielofunkcyjn\u0105 seri\u0105 COMBIBOXX. Ta komora przeznaczona jest na portrety w formacie A4 (maksymalny format 311\u00d7240 mm), takie jak broszury sprzeda\u017cowe, karty produkt\u00f3w oraz broszury na targach, wystawach i przyj\u0119ciach. U\u017cyj tej tacy do formatu pionowego A4, aby rozszerzy\u0107 istniej\u0105ce zestawy, kt\u00f3re maj\u0105 panele przednie i panele tylne. W tacy mieszcz\u0105 si\u0119 wi\u0105zki o grubo\u015bci 24 mm. Wymiary: 32 x 24 x 3,5 cm wys. x szer. x g\u0142<\/p>","protected":false},"excerpt":{"rendered":"<p>Cz\u0119\u015b\u0107 przed\u0142u\u017caj\u0105ca do przed\u0142u\u017cenia tacy na broszury COMBIBOXX A4 w formacie pionowym. <\/p>","protected":false},"featured_media":134761,"template":"","meta":{"_acf_changed":false},"product_brand":[],"product_cat":[4280],"product_tag":[4376],"class_list":{"0":"post-115035","1":"product","2":"type-product","3":"status-publish","4":"has-post-thumbnail","6":"product_cat-broschyrstall","7":"product_tag-transparent","8":"product_shipping_class-tunga-paket","9":"pa_brands-durable","10":"pa_farg-transparent","11":"tm-no-options","13":"first","14":"instock","15":"sale","16":"taxable","17":"shipping-taxable","18":"purchasable","19":"product-type-simple"},"acf":[],"_links":{"self":[{"href":"https:\/\/secureus.se\/pl\/wp-json\/wp\/v2\/product\/115035","targetHints":{"allow":["GET"]}}],"collection":[{"href":"https:\/\/secureus.se\/pl\/wp-json\/wp\/v2\/product"}],"about":[{"href":"https:\/\/secureus.se\/pl\/wp-json\/wp\/v2\/types\/product"}],"wp:featuredmedia":[{"embeddable":true,"href":"https:\/\/secureus.se\/pl\/wp-json\/wp\/v2\/media\/134761"}],"wp:attachment":[{"href":"https:\/\/secureus.se\/pl\/wp-json\/wp\/v2\/media?parent=115035"}],"wp:term":[{"taxonomy":"product_brand","embeddable":true,"href":"https:\/\/secureus.se\/pl\/wp-json\/wp\/v2\/product_brand?post=115035"},{"taxonomy":"product_cat","embeddable":true,"href":"https:\/\/secureus.se\/pl\/wp-json\/wp\/v2\/product_cat?post=115035"},{"taxonomy":"product_tag","embeddable":true,"href":"https:\/\/secureus.se\/pl\/wp-json\/wp\/v2\/product_tag?post=115035"}],"curies":[{"name":"wp","href":"https:\/\/api.w.org\/{rel}","templated":true}]}}