{"id":115050,"date":"2024-11-20T14:41:22","date_gmt":"2024-11-20T13:41:22","guid":{"rendered":"https:\/\/secureus.se\/?post_type=product&#038;p=115050"},"modified":"2026-01-12T12:28:42","modified_gmt":"2026-01-12T11:28:42","slug":"magnetram-duraframe-magnetic-plus-a4-2","status":"publish","type":"product","link":"https:\/\/secureus.se\/pl\/magnetram-duraframe-magnetic-plus-a4-2\/","title":{"rendered":"Ramka magnetyczna DURAFRAME\u00ae MAGNETIC PLUS A4"},"content":{"rendered":"<p>Przylepna magnetycznie ramka informacyjna DURAFRAME\u00ae MAGNETIC PLUS s\u0142u\u017cy do profesjonalnego wy\u015bwietlania i prezentowania tymczasowych lub trwa\u0142ych informacji.<br \/>\nDokument jest chroniony pomi\u0119dzy dwoma plastikowymi arkuszami, kt\u00f3re s\u0105 trzymane razem za pomoc\u0105 magnetycznego zamkni\u0119cia wzd\u0142u\u017c wszystkich trzech otwieranych bok\u00f3w. Sprawdza si\u0119 m.in. w \u015brodowisku produkcyjnym, kuchennym i sanitarnym. \u0141atwa zmiana informacji - podnie\u015b stron\u0119 tytu\u0142ow\u0105, zmie\u0144 wk\u0142adk\u0119, ponownie z\u0142\u00f3\u017c stron\u0119. Z ty\u0142u dolnego arkusza z tworzywa sztucznego znajduj\u0105 si\u0119 paski magnetyczne otaczaj\u0105ce ca\u0142\u0105 ram\u0119, kt\u00f3re mo\u017cna przymocowa\u0107 do pod\u0142o\u017ca, takiego jak tablice sucho\u015bcieralne, szafki do przewijania i metalowe \u015bciany.<br \/>\nDo dokument\u00f3w w formacie A4. Wymiary zewn\u0119trzne 236\u00d7323 mm.<br \/>\nOpakowanie zawiera 1 szt.<\/p>","protected":false},"excerpt":{"rendered":"<p>Ramka magnetyczna do przejrzystego wy\u015bwietlania informacji. Dokument jest chroniony pomi\u0119dzy dwoma plastikowymi arkuszami i mo\u017cna go \u0142atwo wymieni\u0107.<\/p>","protected":false},"featured_media":133587,"template":"","meta":{"_acf_changed":false},"product_brand":[],"product_cat":[4295],"product_tag":[4382],"class_list":{"0":"post-115050","1":"product","2":"type-product","3":"status-publish","4":"has-post-thumbnail","6":"product_cat-inforamar-for-metallytor","7":"product_tag-silver","8":"product_shipping_class-tunga-paket","9":"pa_brands-durable","10":"pa_farg-silver","11":"tm-no-options","13":"first","14":"instock","15":"sale","16":"taxable","17":"shipping-taxable","18":"purchasable","19":"product-type-simple"},"acf":[],"_links":{"self":[{"href":"https:\/\/secureus.se\/pl\/wp-json\/wp\/v2\/product\/115050","targetHints":{"allow":["GET"]}}],"collection":[{"href":"https:\/\/secureus.se\/pl\/wp-json\/wp\/v2\/product"}],"about":[{"href":"https:\/\/secureus.se\/pl\/wp-json\/wp\/v2\/types\/product"}],"wp:featuredmedia":[{"embeddable":true,"href":"https:\/\/secureus.se\/pl\/wp-json\/wp\/v2\/media\/133587"}],"wp:attachment":[{"href":"https:\/\/secureus.se\/pl\/wp-json\/wp\/v2\/media?parent=115050"}],"wp:term":[{"taxonomy":"product_brand","embeddable":true,"href":"https:\/\/secureus.se\/pl\/wp-json\/wp\/v2\/product_brand?post=115050"},{"taxonomy":"product_cat","embeddable":true,"href":"https:\/\/secureus.se\/pl\/wp-json\/wp\/v2\/product_cat?post=115050"},{"taxonomy":"product_tag","embeddable":true,"href":"https:\/\/secureus.se\/pl\/wp-json\/wp\/v2\/product_tag?post=115050"}],"curies":[{"name":"wp","href":"https:\/\/api.w.org\/{rel}","templated":true}]}}