{"id":115056,"date":"2024-11-20T13:57:46","date_gmt":"2024-11-20T12:57:46","guid":{"rendered":"https:\/\/secureus.se\/?post_type=product&#038;p=115056"},"modified":"2026-01-12T12:24:06","modified_gmt":"2026-01-12T11:24:06","slug":"dorrskylt-info-sign-149x1485","status":"publish","type":"product","link":"https:\/\/secureus.se\/pl\/dorrskylt-info-sign-149x1485\/","title":{"rendered":"Tabliczka na drzwi INFO SIGN 149\u00d7148,5"},"content":{"rendered":"<p>Stylowe szyldy na drzwi i \u015bciany w r\u00f3\u017cnych wzorach pomagaj\u0105 odwiedzaj\u0105cym zorientowa\u0107 si\u0119 i informuj\u0105, kto, jaki dzia\u0142, funkcja lub sala konferencyjna znajduje si\u0119 w danym lokalu. Seria szyld\u00f3w INFO SIGN posiada aluminiow\u0105 tyln\u0105 i kraw\u0119dziow\u0105 listw\u0119. Bia\u0142a kartka z tekstem jest chroniona za nieodblaskowym panelem przednim, kt\u00f3ry wsuwa si\u0119 w paski kraw\u0119dziowe i jest utrzymywany na miejscu za pomoc\u0105 dw\u00f3ch czarnych zapi\u0119\u0107. W zestawie szablon do wiercenia otwor\u00f3w, instrukcja monta\u017cu, bia\u0142a p\u0142ytka monta\u017cowa, \u015bruba, ko\u0142ek i podk\u0142adki mocuj\u0105ce. Zaprojektuj ten ma\u0142y znak (149\u00d7149) korzystaj\u0105c z bezp\u0142atnego programu DURAPRINT\u00ae dost\u0119pnego na stronie www.duraprint.se. Drukuj na arkuszach A4 z 2 etykietami na arkusz, kt\u00f3re nale\u017cy zam\u00f3wi\u0107 osobno.<br \/>\nAkcesoria: Arkusz A4 do druku w drukarce laserowej, numer artyku\u0142u 485202. <\/p>","protected":false},"excerpt":{"rendered":"<p>Stylowa tabliczka na drzwi w formacie 149x149mm. Wykonany z aluminium z nieodblaskowym panelem przednim z tworzywa akrylowego.<\/p>","protected":false},"featured_media":134730,"template":"","meta":{"_acf_changed":false},"product_brand":[],"product_cat":[4265],"product_tag":[4382],"class_list":{"0":"post-115056","1":"product","2":"type-product","3":"status-publish","4":"has-post-thumbnail","6":"product_cat-dorrskyltar-i-alumunium","7":"product_tag-silver","8":"product_shipping_class-tunga-paket","9":"pa_brands-durable","10":"pa_farg-silver","11":"tm-no-options","13":"first","14":"instock","15":"sale","16":"taxable","17":"shipping-taxable","18":"purchasable","19":"product-type-simple"},"acf":[],"_links":{"self":[{"href":"https:\/\/secureus.se\/pl\/wp-json\/wp\/v2\/product\/115056","targetHints":{"allow":["GET"]}}],"collection":[{"href":"https:\/\/secureus.se\/pl\/wp-json\/wp\/v2\/product"}],"about":[{"href":"https:\/\/secureus.se\/pl\/wp-json\/wp\/v2\/types\/product"}],"wp:featuredmedia":[{"embeddable":true,"href":"https:\/\/secureus.se\/pl\/wp-json\/wp\/v2\/media\/134730"}],"wp:attachment":[{"href":"https:\/\/secureus.se\/pl\/wp-json\/wp\/v2\/media?parent=115056"}],"wp:term":[{"taxonomy":"product_brand","embeddable":true,"href":"https:\/\/secureus.se\/pl\/wp-json\/wp\/v2\/product_brand?post=115056"},{"taxonomy":"product_cat","embeddable":true,"href":"https:\/\/secureus.se\/pl\/wp-json\/wp\/v2\/product_cat?post=115056"},{"taxonomy":"product_tag","embeddable":true,"href":"https:\/\/secureus.se\/pl\/wp-json\/wp\/v2\/product_tag?post=115056"}],"curies":[{"name":"wp","href":"https:\/\/api.w.org\/{rel}","templated":true}]}}