{"id":115076,"date":"2024-11-20T13:55:21","date_gmt":"2024-11-20T12:55:21","guid":{"rendered":"https:\/\/secureus.se\/?post_type=product&#038;p=115076"},"modified":"2026-01-12T12:25:07","modified_gmt":"2026-01-12T11:25:07","slug":"dorrskylt-crystal-sign-105x105","status":"publish","type":"product","link":"https:\/\/secureus.se\/pl\/dorrskylt-crystal-sign-105x105\/","title":{"rendered":"Tabliczka na drzwi CRYSTAL SIGN 105\u00d7105"},"content":{"rendered":"<p>Stylowe szyldy na drzwi i \u015bciany w r\u00f3\u017cnych wzorach pomagaj\u0105 odwiedzaj\u0105cym zorientowa\u0107 si\u0119 i informuj\u0105, kto, jaki dzia\u0142, funkcja lub sala konferencyjna znajduje si\u0119 w danym lokalu. Seria oznacze\u0144 CRYSTAL SIGN sk\u0142ada si\u0119 z 2 akrylowych p\u0142ytek z matow\u0105 wk\u0142adk\u0105 pomi\u0119dzy tekstem, a wszystko jest po\u0142\u0105czone ozdobnymi \u015brubami. Znak przykr\u0119cany jest za pomoc\u0105 metalowej podk\u0142adki, co oznacza, \u017ce znak odstaje od \u015bciany o 3 cm. W zestawie szablon otwor\u00f3w, instrukcja monta\u017cu, 2 matowe wk\u0142adki oraz \u015bruba i ko\u0142ek. Zaprojektuj znak korzystaj\u0105c z bezp\u0142atnego programu DURAPRINT\u00ae dost\u0119pnego na stronie www.duraprint.se. i zadrukuj drukark\u0105 laserow\u0105 na matowej wk\u0142adce w formacie znaku 105\u00d7105 mm.<br \/>\nAkcesoria: Uzupe\u0142niaj\u0105ce matowe arkusze wk\u0142adek o numerze artyku\u0142u 483019   <\/p>","protected":false},"excerpt":{"rendered":"<p>Elegancki i dyskretny znak na drzwi wykonany z tworzywa akrylowego w formacie 105x105mm. <\/p>","protected":false},"featured_media":135164,"template":"","meta":{"_acf_changed":false},"product_brand":[],"product_cat":[4264],"product_tag":[4376],"class_list":{"0":"post-115076","1":"product","2":"type-product","3":"status-publish","4":"has-post-thumbnail","6":"product_cat-dorrskyltar-i-akryl","7":"product_tag-transparent","8":"product_shipping_class-tunga-paket","9":"pa_brands-durable","10":"pa_farg-transparent","11":"tm-no-options","13":"first","14":"instock","15":"sale","16":"taxable","17":"shipping-taxable","18":"purchasable","19":"product-type-simple"},"acf":[],"_links":{"self":[{"href":"https:\/\/secureus.se\/pl\/wp-json\/wp\/v2\/product\/115076","targetHints":{"allow":["GET"]}}],"collection":[{"href":"https:\/\/secureus.se\/pl\/wp-json\/wp\/v2\/product"}],"about":[{"href":"https:\/\/secureus.se\/pl\/wp-json\/wp\/v2\/types\/product"}],"wp:featuredmedia":[{"embeddable":true,"href":"https:\/\/secureus.se\/pl\/wp-json\/wp\/v2\/media\/135164"}],"wp:attachment":[{"href":"https:\/\/secureus.se\/pl\/wp-json\/wp\/v2\/media?parent=115076"}],"wp:term":[{"taxonomy":"product_brand","embeddable":true,"href":"https:\/\/secureus.se\/pl\/wp-json\/wp\/v2\/product_brand?post=115076"},{"taxonomy":"product_cat","embeddable":true,"href":"https:\/\/secureus.se\/pl\/wp-json\/wp\/v2\/product_cat?post=115076"},{"taxonomy":"product_tag","embeddable":true,"href":"https:\/\/secureus.se\/pl\/wp-json\/wp\/v2\/product_tag?post=115076"}],"curies":[{"name":"wp","href":"https:\/\/api.w.org\/{rel}","templated":true}]}}