{"id":115089,"date":"2024-11-20T13:58:04","date_gmt":"2024-11-20T12:58:04","guid":{"rendered":"https:\/\/secureus.se\/?post_type=product&#038;p=115089"},"modified":"2026-01-12T12:29:25","modified_gmt":"2026-01-12T11:29:25","slug":"inforam-sjalvhaftande-duraframe-note-a4-2","status":"publish","type":"product","link":"https:\/\/secureus.se\/pl\/inforam-sjalvhaftande-duraframe-note-a4-2\/","title":{"rendered":"Infoframe samoprzylepna DURAFRAME\u00ae NOTE A4"},"content":{"rendered":"<p>Samoprzylepnej ramki informacyjnej DURAFRAME\u00ae NOTE mo\u017cna u\u017cywa\u0107 np. do list kontrolnych, harmonogram\u00f3w czyszczenia, list rejestracyjnych lub kontroli konserwacyjnych, w przypadku kt\u00f3rych nale\u017cy sporz\u0105dza\u0107 notatki bezpo\u015brednio na papierze. Szybka i \u0142atwa obs\u0142uga: Usu\u0144 papier ochronny - przyklej Duraframe - podnie\u015b prz\u00f3d za pomoc\u0105 magnetycznego zamkni\u0119cia - w\u0142\u00f3\u017c do 5 arkuszy A4 80 gr - z\u0142\u00f3\u017c prz\u00f3d - gotowe! \u0141atwy w monta\u017cu \u2013 bez narz\u0119dzi i innych akcesori\u00f3w \u2013 na twardych i g\u0142adkich powierzchniach. Schludne i \u0142atwiejsze w obs\u0142udze ni\u017c na przyk\u0142ad ta\u015bma, zszywki czy zszywki. Wk\u0142adka pozostaje stabilnie na swoim miejscu dzi\u0119ki magnesom znajduj\u0105cym si\u0119 na wszystkich 3 otwieranych stronach. Uchwyt na d\u0142ugopis po jednej stronie. Ramka wygl\u0105da tak samo z przodu i z ty\u0142u, a je\u015bli zostanie umieszczona na szkle, informacje mo\u017cna odczyta\u0107 z dw\u00f3ch stron. Ramk\u0119 mo\u017cna zdj\u0105\u0107 z szyb. Powierzchnie malowane, powlekane lub laminowane mog\u0105 ulec uszkodzeniu w przypadku usuni\u0119cia ramy. Do dokument\u00f3w w formacie A4.<br \/>\nOpakowanie zawiera 1 szt.<\/p>","protected":false},"excerpt":{"rendered":"<p>\u0141atwa w u\u017cyciu, samoprzylepna ramka informacyjna do notatek bezpo\u015brednio na papierze. Prz\u00f3d zapinany na magnes, co u\u0142atwia wymian\u0119 wk\u0142adu. <\/p>","protected":false},"featured_media":135019,"template":"","meta":{"_acf_changed":false},"product_brand":[],"product_cat":[4296],"product_tag":[4382],"class_list":{"0":"post-115089","1":"product","2":"type-product","3":"status-publish","4":"has-post-thumbnail","6":"product_cat-inforamar-for-slata-ytor","7":"product_tag-silver","8":"product_shipping_class-tunga-paket","9":"pa_brands-durable","10":"pa_farg-silver","11":"tm-no-options","13":"first","14":"instock","15":"sale","16":"taxable","17":"shipping-taxable","18":"purchasable","19":"product-type-simple"},"acf":[],"_links":{"self":[{"href":"https:\/\/secureus.se\/pl\/wp-json\/wp\/v2\/product\/115089","targetHints":{"allow":["GET"]}}],"collection":[{"href":"https:\/\/secureus.se\/pl\/wp-json\/wp\/v2\/product"}],"about":[{"href":"https:\/\/secureus.se\/pl\/wp-json\/wp\/v2\/types\/product"}],"wp:featuredmedia":[{"embeddable":true,"href":"https:\/\/secureus.se\/pl\/wp-json\/wp\/v2\/media\/135019"}],"wp:attachment":[{"href":"https:\/\/secureus.se\/pl\/wp-json\/wp\/v2\/media?parent=115089"}],"wp:term":[{"taxonomy":"product_brand","embeddable":true,"href":"https:\/\/secureus.se\/pl\/wp-json\/wp\/v2\/product_brand?post=115089"},{"taxonomy":"product_cat","embeddable":true,"href":"https:\/\/secureus.se\/pl\/wp-json\/wp\/v2\/product_cat?post=115089"},{"taxonomy":"product_tag","embeddable":true,"href":"https:\/\/secureus.se\/pl\/wp-json\/wp\/v2\/product_tag?post=115089"}],"curies":[{"name":"wp","href":"https:\/\/api.w.org\/{rel}","templated":true}]}}