{"id":115090,"date":"2024-11-20T13:55:22","date_gmt":"2024-11-20T12:55:22","guid":{"rendered":"https:\/\/secureus.se\/?post_type=product&#038;p=115090"},"modified":"2026-01-12T12:24:26","modified_gmt":"2026-01-12T11:24:26","slug":"crystal-sign-105x105-refill","status":"publish","type":"product","link":"https:\/\/secureus.se\/pl\/crystal-sign-105x105-refill\/","title":{"rendered":"Wk\u0142ad KRYSZTA\u0141OWY ZNAK 105\u00d7105"},"content":{"rendered":"<p>Matowe arkusze wk\u0142adek odpowiednie do znaku CRYSTAL SIGN 4820 w formacie 105x105mm. Zaprojektuj znak korzystaj\u0105c z bezp\u0142atnego programu DURAPRINT\u00ae dost\u0119pnego na www.duraprint.se i wydrukuj drukark\u0105 laserow\u0105 na matowej p\u0142ycie. Jedno opakowanie zawiera 10 arkuszy z 4 wk\u0142adkami na znaki\/arkusz. Arkusze s\u0105 perforowane i \u0142atwo je rozerwa\u0107.<\/p>","protected":false},"excerpt":{"rendered":"<p>10 arkuszy, co daje 40 matowych wk\u0142adek na znak CRYSTAL SIGN 4820 w formacie 105x105mm.<\/p>","protected":false},"featured_media":134928,"template":"","meta":{"_acf_changed":false},"product_brand":[],"product_cat":[4264],"product_tag":[4376],"class_list":{"0":"post-115090","1":"product","2":"type-product","3":"status-publish","4":"has-post-thumbnail","6":"product_cat-dorrskyltar-i-akryl","7":"product_tag-transparent","8":"product_shipping_class-tunga-paket","9":"pa_brands-durable","10":"pa_farg-transparent","11":"tm-no-options","13":"first","14":"instock","15":"sale","16":"taxable","17":"shipping-taxable","18":"purchasable","19":"product-type-simple"},"acf":[],"_links":{"self":[{"href":"https:\/\/secureus.se\/pl\/wp-json\/wp\/v2\/product\/115090","targetHints":{"allow":["GET"]}}],"collection":[{"href":"https:\/\/secureus.se\/pl\/wp-json\/wp\/v2\/product"}],"about":[{"href":"https:\/\/secureus.se\/pl\/wp-json\/wp\/v2\/types\/product"}],"wp:featuredmedia":[{"embeddable":true,"href":"https:\/\/secureus.se\/pl\/wp-json\/wp\/v2\/media\/134928"}],"wp:attachment":[{"href":"https:\/\/secureus.se\/pl\/wp-json\/wp\/v2\/media?parent=115090"}],"wp:term":[{"taxonomy":"product_brand","embeddable":true,"href":"https:\/\/secureus.se\/pl\/wp-json\/wp\/v2\/product_brand?post=115090"},{"taxonomy":"product_cat","embeddable":true,"href":"https:\/\/secureus.se\/pl\/wp-json\/wp\/v2\/product_cat?post=115090"},{"taxonomy":"product_tag","embeddable":true,"href":"https:\/\/secureus.se\/pl\/wp-json\/wp\/v2\/product_tag?post=115090"}],"curies":[{"name":"wp","href":"https:\/\/api.w.org\/{rel}","templated":true}]}}