{"id":115106,"date":"2024-11-20T13:58:42","date_gmt":"2024-11-20T12:58:42","guid":{"rendered":"https:\/\/secureus.se\/?post_type=product&#038;p=115106"},"modified":"2026-01-12T12:57:45","modified_gmt":"2026-01-12T11:57:45","slug":"inforam-sjalvhaftande-duraframe-security-a4-2","status":"publish","type":"product","link":"https:\/\/secureus.se\/pl\/inforam-sjalvhaftande-duraframe-security-a4-2\/","title":{"rendered":"Infoframe samoprzylepna DURAFRAME\u00ae SECURITY A4"},"content":{"rendered":"<p>Zamie\u015b\u0107 tymczasowe lub trwa\u0142e informacje dotycz\u0105ce bezpiecze\u0144stwa i ostrze\u017ce\u0144 w profesjonalny, szybki i \u0142atwy spos\u00f3b za pomoc\u0105 samoprzylepnych ramek informacyjnych DURAFRAME\u00ae SECURITY. Usu\u0144 papier ochronny - przyklej Duraframe - podnie\u015b prz\u00f3d z zamkni\u0119ciem magnetycznym - w\u0142\u00f3\u017c jeden lub dwa arkusze - z\u0142\u00f3\u017c prz\u00f3d - gotowe! \u0141atwy w monta\u017cu \u2013 bez narz\u0119dzi i innych akcesori\u00f3w \u2013 na twardych i g\u0142adkich powierzchniach. Schludne i \u0142atwiejsze w obs\u0142udze ni\u017c na przyk\u0142ad ta\u015bma, zszywki czy zszywki. Wk\u0142adka pozostaje bezpiecznie na swoim miejscu zar\u00f3wno w pozycji pionowej, jak i poziomej dzi\u0119ki magnesom po wszystkich 3 otwieranych stronach. Ramka wygl\u0105da tak samo z przodu i z ty\u0142u, co \u015bwietnie sprawdza si\u0119 po umieszczeniu na tafli szk\u0142a w celu uzyskania dwustronnego przekazu. Mo\u017cna go zdj\u0105\u0107 z tafli szk\u0142a. Powierzchnie malowane, powlekane lub laminowane mog\u0105 ulec uszkodzeniu w przypadku usuni\u0119cia ramy.<br \/>\nDo dokument\u00f3w w formacie A4. Wymiary zewn\u0119trzne 236\u00d7323 mm. Kolory czerwony\/bia\u0142y sygnalizuj\u0105 informacj\u0119 o ochronie przeciwpo\u017carowej zgodnie z norm\u0105 ISO 3864-4 dotycz\u0105c\u0105 kolor\u00f3w bezpiecze\u0144stwa.<br \/>\nOpakowanie zawiera 2 szt.<\/p>","protected":false},"excerpt":{"rendered":"<p>Samoprzylepna ramka informacyjna do przejrzystego wy\u015bwietlania wa\u017cnych informacji dotycz\u0105cych bezpiecze\u0144stwa, powiadomie\u0144 i ostrze\u017ce\u0144. Prz\u00f3d zapinany na magnes, co u\u0142atwia wymian\u0119 wk\u0142adu. <\/p>","protected":false},"featured_media":134681,"template":"","meta":{"_acf_changed":false},"product_brand":[],"product_cat":[4296],"product_tag":[4386],"class_list":{"0":"post-115106","1":"product","2":"type-product","3":"status-publish","4":"has-post-thumbnail","6":"product_cat-inforamar-for-slata-ytor","7":"product_tag-gul-svart","8":"product_shipping_class-tunga-paket","9":"pa_brands-durable","10":"pa_farg-gul-svart","11":"tm-no-options","13":"first","14":"instock","15":"sale","16":"taxable","17":"shipping-taxable","18":"purchasable","19":"product-type-simple"},"acf":[],"_links":{"self":[{"href":"https:\/\/secureus.se\/pl\/wp-json\/wp\/v2\/product\/115106","targetHints":{"allow":["GET"]}}],"collection":[{"href":"https:\/\/secureus.se\/pl\/wp-json\/wp\/v2\/product"}],"about":[{"href":"https:\/\/secureus.se\/pl\/wp-json\/wp\/v2\/types\/product"}],"wp:featuredmedia":[{"embeddable":true,"href":"https:\/\/secureus.se\/pl\/wp-json\/wp\/v2\/media\/134681"}],"wp:attachment":[{"href":"https:\/\/secureus.se\/pl\/wp-json\/wp\/v2\/media?parent=115106"}],"wp:term":[{"taxonomy":"product_brand","embeddable":true,"href":"https:\/\/secureus.se\/pl\/wp-json\/wp\/v2\/product_brand?post=115106"},{"taxonomy":"product_cat","embeddable":true,"href":"https:\/\/secureus.se\/pl\/wp-json\/wp\/v2\/product_cat?post=115106"},{"taxonomy":"product_tag","embeddable":true,"href":"https:\/\/secureus.se\/pl\/wp-json\/wp\/v2\/product_tag?post=115106"}],"curies":[{"name":"wp","href":"https:\/\/api.w.org\/{rel}","templated":true}]}}