{"id":115136,"date":"2024-11-20T14:11:39","date_gmt":"2024-11-20T13:11:39","guid":{"rendered":"https:\/\/secureus.se\/?post_type=product&#038;p=115136"},"modified":"2026-01-12T12:03:50","modified_gmt":"2026-01-12T11:03:50","slug":"magnetetikett-c-profile-20-50-pack","status":"publish","type":"product","link":"https:\/\/secureus.se\/pl\/magnetetikett-c-profile-20-50-pack\/","title":{"rendered":"Etykieta magnetyczna C-PROFILE 20 50 szt"},"content":{"rendered":"<p>Magnetyczny uchwyt na etykiet\u0119 w zestawie etykieta i przezroczysty plastik chroni\u0105cy przed zabrudzeniem. Do oznaczania i skanowania np. cen i kod\u00f3w kreskowych na kraw\u0119dziach p\u00f3\u0142ek, rega\u0142ach paletowych, szafkach, przebieralniach i skrzynkach metalowych. \u0141atwe przenoszenie, gdy towary zmieniaj\u0105 lokalizacj\u0119 w magazynie, aby zawsze mie\u0107 aktualne etykiety. Bezp\u0142atne szablony do projektowania i drukowania stylowych etykiet s\u0105 dost\u0119pne na stronie www.duraprint.se.<br \/>\nWymiary: 200 x 20 mm (d\u0142. x wys.)<br \/>\nAkcesoria:<br \/>\nDodatkowe etykiety na kartkach A5 do druku w drukarce, nr art. 800002.<\/p>","protected":false},"excerpt":{"rendered":"<p>Magnetyczny uchwyt na etykiety z bia\u0142ymi etykietami i przezroczystym plastikiem ochronnym. Wysoko\u015b\u0107 pisania 2 cm, d\u0142ugo\u015b\u0107 20 cm.<\/p>","protected":false},"featured_media":133680,"template":"","meta":{"_acf_changed":false},"product_brand":[],"product_cat":[4269],"product_tag":[4390],"class_list":{"0":"post-115136","1":"product","2":"type-product","3":"status-publish","4":"has-post-thumbnail","6":"product_cat-magnetisk-fastsattning","7":"product_tag-morkgra","8":"product_shipping_class-tunga-paket","9":"pa_brands-durable","10":"pa_farg-morkgra","11":"tm-no-options","13":"first","14":"instock","15":"sale","16":"taxable","17":"shipping-taxable","18":"purchasable","19":"product-type-simple"},"acf":[],"_links":{"self":[{"href":"https:\/\/secureus.se\/pl\/wp-json\/wp\/v2\/product\/115136","targetHints":{"allow":["GET"]}}],"collection":[{"href":"https:\/\/secureus.se\/pl\/wp-json\/wp\/v2\/product"}],"about":[{"href":"https:\/\/secureus.se\/pl\/wp-json\/wp\/v2\/types\/product"}],"wp:featuredmedia":[{"embeddable":true,"href":"https:\/\/secureus.se\/pl\/wp-json\/wp\/v2\/media\/133680"}],"wp:attachment":[{"href":"https:\/\/secureus.se\/pl\/wp-json\/wp\/v2\/media?parent=115136"}],"wp:term":[{"taxonomy":"product_brand","embeddable":true,"href":"https:\/\/secureus.se\/pl\/wp-json\/wp\/v2\/product_brand?post=115136"},{"taxonomy":"product_cat","embeddable":true,"href":"https:\/\/secureus.se\/pl\/wp-json\/wp\/v2\/product_cat?post=115136"},{"taxonomy":"product_tag","embeddable":true,"href":"https:\/\/secureus.se\/pl\/wp-json\/wp\/v2\/product_tag?post=115136"}],"curies":[{"name":"wp","href":"https:\/\/api.w.org\/{rel}","templated":true}]}}