{"id":115143,"date":"2024-11-20T14:00:49","date_gmt":"2024-11-20T13:00:49","guid":{"rendered":"https:\/\/secureus.se\/?post_type=product&#038;p=115143"},"modified":"2026-03-11T14:41:37","modified_gmt":"2026-03-11T13:41:37","slug":"dorrskylt-info-sign-297x420-a3-staende","status":"publish","type":"product","link":"https:\/\/secureus.se\/pl\/dorrskylt-info-sign-297x420-a3-staende\/","title":{"rendered":"Tabliczka na drzwi ZNAK INFORMACYJNY 297\u00d7420 (A3 portret)"},"content":{"rendered":"<p>Stylowe tabliczki na drzwi i \u015bciany w r\u00f3\u017cnych wzorach pomagaj\u0105 odwiedzaj\u0105cym zorientowa\u0107 si\u0119 w terenie i informuj\u0105 ich, kto, jaki dzia\u0142, jakie stanowisko lub sala konferencyjna si\u0119 w nim znajduje. Seria tabliczek INFO SIGN posiada aluminiowe paski tylne i kraw\u0119dziowe. Bia\u0142a folia z tekstem jest chroniona antyrefleksyjnym panelem przednim, kt\u00f3ry jest wciskany w paski kraw\u0119dziowe i mocowany dwoma czarnymi uchwytami. W zestawie znajduj\u0105 si\u0119 szablon do wiercenia otwor\u00f3w, instrukcja monta\u017cu, bia\u0142a tabliczka z wk\u0142adk\u0105, wkr\u0119ty, ko\u0142ki i podk\u0142adki monta\u017cowe. Zaprojektuj t\u0119 pionow\u0105 tabliczk\u0119 w formacie A3 (297\u00d7420) za pomoc\u0105 bezp\u0142atnego programu DURAPRINT\u00ae dost\u0119pnego na stronie www.duraprint.se. .<\/p>","protected":false},"excerpt":{"rendered":"<p>Stylowa tabliczka na drzwi w formacie pionowym A3, 297x420mm. Wykonany z aluminium z nieodblaskowym panelem przednim z tworzywa akrylowego.<\/p>","protected":false},"featured_media":134916,"template":"","meta":{"_acf_changed":false},"product_brand":[],"product_cat":[4265],"product_tag":[4382],"class_list":{"0":"post-115143","1":"product","2":"type-product","3":"status-publish","4":"has-post-thumbnail","6":"product_cat-dorrskyltar-i-alumunium","7":"product_tag-silver","8":"product_shipping_class-tunga-paket","9":"pa_brands-durable","10":"pa_farg-silver","11":"tm-no-options","13":"first","14":"instock","15":"sale","16":"taxable","17":"shipping-taxable","18":"purchasable","19":"product-type-simple"},"acf":[],"_links":{"self":[{"href":"https:\/\/secureus.se\/pl\/wp-json\/wp\/v2\/product\/115143","targetHints":{"allow":["GET"]}}],"collection":[{"href":"https:\/\/secureus.se\/pl\/wp-json\/wp\/v2\/product"}],"about":[{"href":"https:\/\/secureus.se\/pl\/wp-json\/wp\/v2\/types\/product"}],"wp:featuredmedia":[{"embeddable":true,"href":"https:\/\/secureus.se\/pl\/wp-json\/wp\/v2\/media\/134916"}],"wp:attachment":[{"href":"https:\/\/secureus.se\/pl\/wp-json\/wp\/v2\/media?parent=115143"}],"wp:term":[{"taxonomy":"product_brand","embeddable":true,"href":"https:\/\/secureus.se\/pl\/wp-json\/wp\/v2\/product_brand?post=115143"},{"taxonomy":"product_cat","embeddable":true,"href":"https:\/\/secureus.se\/pl\/wp-json\/wp\/v2\/product_cat?post=115143"},{"taxonomy":"product_tag","embeddable":true,"href":"https:\/\/secureus.se\/pl\/wp-json\/wp\/v2\/product_tag?post=115143"}],"curies":[{"name":"wp","href":"https:\/\/api.w.org\/{rel}","templated":true}]}}