{"id":115155,"date":"2024-11-20T14:09:56","date_gmt":"2024-11-20T13:09:56","guid":{"rendered":"https:\/\/secureus.se\/?post_type=product&#038;p=115155"},"modified":"2026-03-11T14:42:05","modified_gmt":"2026-03-11T13:42:05","slug":"flexiplus-2-a4-liggande-broschyrfack","status":"publish","type":"product","link":"https:\/\/secureus.se\/pl\/flexiplus-2-a4-liggande-broschyrfack\/","title":{"rendered":"Taca na broszury FLEXIPLUS 2 A4 w formacie poziomym"},"content":{"rendered":"<p>Tacki na formularze, stojaki na broszury, tacki na poczt\u0119 \u2013 FLEXIPLUS to seria oszcz\u0119dzaj\u0105cych miejsce, elastycznych i montowanych na \u015bcianie uchwyt\u00f3w na broszury, czasopisma, formularze i inne materia\u0142y w formacie A4. Ka\u017cda tacka mie\u015bci pliki o grubo\u015bci 24 mm. Jest to kompletny zestaw z 2 tackami w formacie poziomym, kt\u00f3re mo\u017cna montowa\u0107 razem lub u\u017cywa\u0107 oddzielnie. W zestawie znajduje si\u0119 zestaw \u015brub i ko\u0142k\u00f3w. Wymiary ka\u017cdej tacki to 34 \u00d7 19,5 \u00d7 3,5 cm (szer. x wys. x g\u0142.). Zamontowana pod k\u0105tem do \u015bciany, ma 10 cm wysoko\u015bci, 34 cm szeroko\u015bci i 25 cm wysoko\u015bci po z\u0142o\u017ceniu obu tacek. W razie potrzeby mo\u017cna zbudowa\u0107 wi\u0119cej tacek, zaczepiaj\u0105c je jedna za drug\u0105.<\/p>","protected":false},"excerpt":{"rendered":"<p>Kompletny zestaw z 2 tacami na broszury FLEXIPLUS A4 w formacie poziomym.<\/p>","protected":false},"featured_media":133804,"template":"","meta":{"_acf_changed":false},"product_brand":[],"product_cat":[4280],"product_tag":[4376],"class_list":{"0":"post-115155","1":"product","2":"type-product","3":"status-publish","4":"has-post-thumbnail","6":"product_cat-broschyrstall","7":"product_tag-transparent","8":"product_shipping_class-tunga-paket","9":"pa_brands-durable","10":"pa_farg-transparent","11":"tm-no-options","13":"first","14":"instock","15":"sale","16":"taxable","17":"shipping-taxable","18":"purchasable","19":"product-type-simple"},"acf":[],"_links":{"self":[{"href":"https:\/\/secureus.se\/pl\/wp-json\/wp\/v2\/product\/115155","targetHints":{"allow":["GET"]}}],"collection":[{"href":"https:\/\/secureus.se\/pl\/wp-json\/wp\/v2\/product"}],"about":[{"href":"https:\/\/secureus.se\/pl\/wp-json\/wp\/v2\/types\/product"}],"wp:featuredmedia":[{"embeddable":true,"href":"https:\/\/secureus.se\/pl\/wp-json\/wp\/v2\/media\/133804"}],"wp:attachment":[{"href":"https:\/\/secureus.se\/pl\/wp-json\/wp\/v2\/media?parent=115155"}],"wp:term":[{"taxonomy":"product_brand","embeddable":true,"href":"https:\/\/secureus.se\/pl\/wp-json\/wp\/v2\/product_brand?post=115155"},{"taxonomy":"product_cat","embeddable":true,"href":"https:\/\/secureus.se\/pl\/wp-json\/wp\/v2\/product_cat?post=115155"},{"taxonomy":"product_tag","embeddable":true,"href":"https:\/\/secureus.se\/pl\/wp-json\/wp\/v2\/product_tag?post=115155"}],"curies":[{"name":"wp","href":"https:\/\/api.w.org\/{rel}","templated":true}]}}