{"id":115156,"date":"2024-11-20T14:00:49","date_gmt":"2024-11-20T13:00:49","guid":{"rendered":"https:\/\/secureus.se\/?post_type=product&#038;p=115156"},"modified":"2026-01-12T12:24:51","modified_gmt":"2026-01-12T11:24:51","slug":"golvskylt-info-sign-stand-a3","status":"publish","type":"product","link":"https:\/\/secureus.se\/pl\/golvskylt-info-sign-stand-a3\/","title":{"rendered":"Tabliczka pod\u0142ogowa ZNAK INFORMACYJNY STOJAK A3"},"content":{"rendered":"<p>Tabliczki pod\u0142ogowe informuj\u0105 i orientuj\u0105 odwiedzaj\u0105cych i doskonale nadaj\u0105 si\u0119 do umieszczenia w wej\u015bciach, restauracjach, wystawach itp. Seria szyld\u00f3w INFO SIGN posiada aluminiow\u0105 tyln\u0105 i kraw\u0119dziow\u0105 listw\u0119. Bia\u0142a kartka z tekstem jest chroniona za nieodblaskowym panelem przednim, kt\u00f3ry wsuwa si\u0119 w paski kraw\u0119dziowe i jest utrzymywany na miejscu za pomoc\u0105 dw\u00f3ch czarnych wspornik\u00f3w. Stojak pod\u0142ogowy sk\u0142ada si\u0119 z ci\u0119\u017ckiej i stabilnej stopy, aluminiowego stojaka oraz obrotowego szyldu A3 - z kt\u00f3rego mo\u017cna korzysta\u0107 w pozycji stoj\u0105cej lub le\u017c\u0105cej - widocznego z daleka. Znak mo\u017cna umie\u015bci\u0107 na 6 r\u00f3\u017cnych wysoko\u015bciach, a wysoko\u015b\u0107 miejsca ze znakiem stoj\u0105cym wynosi 1,18 \u2013 1,25 m. W przypadku znaku poziomego wysoko\u015b\u0107 wynosi 1,13 \u2013 1,20 m. W zestawie instrukcja monta\u017cu. Zaprojektuj znak korzystaj\u0105c z bezp\u0142atnego programu DURAPRINT\u00ae dost\u0119pnego na www.duraprint.se i wydrukuj za pomoc\u0105 drukarki laserowej.<\/p>","protected":false},"excerpt":{"rendered":"<p>Tabliczka pod\u0142ogowa stabilna ZNAK INFORMACYJNY A3. Znak mo\u017ce by\u0107 u\u017cywany w formacie pionowym lub poziomym.<\/p>","protected":false},"featured_media":134911,"template":"","meta":{"_acf_changed":false},"product_brand":[],"product_cat":[4265],"product_tag":[4382],"class_list":{"0":"post-115156","1":"product","2":"type-product","3":"status-publish","4":"has-post-thumbnail","6":"product_cat-dorrskyltar-i-alumunium","7":"product_tag-silver","8":"product_shipping_class-tunga-paket","9":"pa_brands-durable","10":"pa_farg-silver","11":"tm-no-options","13":"first","14":"instock","15":"sale","16":"taxable","17":"shipping-taxable","18":"purchasable","19":"product-type-simple"},"acf":[],"_links":{"self":[{"href":"https:\/\/secureus.se\/pl\/wp-json\/wp\/v2\/product\/115156","targetHints":{"allow":["GET"]}}],"collection":[{"href":"https:\/\/secureus.se\/pl\/wp-json\/wp\/v2\/product"}],"about":[{"href":"https:\/\/secureus.se\/pl\/wp-json\/wp\/v2\/types\/product"}],"wp:featuredmedia":[{"embeddable":true,"href":"https:\/\/secureus.se\/pl\/wp-json\/wp\/v2\/media\/134911"}],"wp:attachment":[{"href":"https:\/\/secureus.se\/pl\/wp-json\/wp\/v2\/media?parent=115156"}],"wp:term":[{"taxonomy":"product_brand","embeddable":true,"href":"https:\/\/secureus.se\/pl\/wp-json\/wp\/v2\/product_brand?post=115156"},{"taxonomy":"product_cat","embeddable":true,"href":"https:\/\/secureus.se\/pl\/wp-json\/wp\/v2\/product_cat?post=115156"},{"taxonomy":"product_tag","embeddable":true,"href":"https:\/\/secureus.se\/pl\/wp-json\/wp\/v2\/product_tag?post=115156"}],"curies":[{"name":"wp","href":"https:\/\/api.w.org\/{rel}","templated":true}]}}