{"id":115164,"date":"2024-11-20T14:00:17","date_gmt":"2024-11-20T13:00:17","guid":{"rendered":"https:\/\/secureus.se\/?post_type=product&#038;p=115164"},"modified":"2026-01-12T12:25:12","modified_gmt":"2026-01-12T11:25:12","slug":"inforam-duraframe-wallpaper-a3-2","status":"publish","type":"product","link":"https:\/\/secureus.se\/pl\/inforam-duraframe-wallpaper-a3-2\/","title":{"rendered":"Ramka informacyjna DURAFRAME\u00ae TAPETA A3"},"content":{"rendered":"<p>Skorzystaj z samoprzylepnych ramek informacyjnych DURAFRAME\u00ae WALLPAPER, aby w profesjonalny spos\u00f3b wy\u015bwietla\u0107 i prezentowa\u0107 oferty promocyjne, godziny otwarcia, znaki i inne tymczasowe lub trwa\u0142e informacje. Mo\u017cna go instalowa\u0107 na wra\u017cliwych powierzchniach, takich jak tapety, drewno i wi\u0119kszo\u015b\u0107 powierzchni z tworzyw sztucznych za pomoc\u0105 samoprzylepnych pask\u00f3w samoprzylepnych.<br \/>\n\u0141atwe wk\u0142adanie lub zmiana wiadomo\u015bci poprzez podniesienie przodu za pomoc\u0105 magnetycznego zamkni\u0119cia. DURAFRAME\u00ae WALLPAPER mo\u017cna usun\u0105\u0107 bez pozostawiania \u015blad\u00f3w i uszkodzenia pod\u0142o\u017ca, zgodnie z instrukcj\u0105 na opakowaniu i symbolami na ramie. W zestawie zestaw wymienny z 4 paskami samoprzylepnymi.<br \/>\nDo dokument\u00f3w w formacie A3. Wymiary zewn\u0119trzne 323\u00d7446 mm.<br \/>\nOpakowanie zawiera 1 szt.<\/p>","protected":false},"excerpt":{"rendered":"<p>\u0141atwa w u\u017cyciu, samoprzylepna ramka informacyjna do umieszczania r\u00f3\u017cnego rodzaju informacji na wra\u017cliwych pod\u0142o\u017cach, np. tapetach. Do dokument\u00f3w w formacie A3. z otwieran\u0105 ramk\u0105 magnetyczn\u0105 do formatu A4. Mocuje si\u0119 za pomoc\u0105 pask\u00f3w samoprzylepnych, kt\u00f3re dzia\u0142aj\u0105 na wra\u017cliwych powierzchniach, takich jak tapety itp. <\/p>","protected":false},"featured_media":134664,"template":"","meta":{"_acf_changed":false},"product_brand":[],"product_cat":[4292],"product_tag":[4381],"class_list":{"0":"post-115164","1":"product","2":"type-product","3":"status-publish","4":"has-post-thumbnail","6":"product_cat-inforamar-for-kansliga-ytor","7":"product_tag-svart","8":"product_shipping_class-tunga-paket","9":"pa_brands-durable","10":"pa_farg-svart","11":"tm-no-options","13":"first","14":"instock","15":"sale","16":"taxable","17":"shipping-taxable","18":"purchasable","19":"product-type-simple"},"acf":[],"_links":{"self":[{"href":"https:\/\/secureus.se\/pl\/wp-json\/wp\/v2\/product\/115164","targetHints":{"allow":["GET"]}}],"collection":[{"href":"https:\/\/secureus.se\/pl\/wp-json\/wp\/v2\/product"}],"about":[{"href":"https:\/\/secureus.se\/pl\/wp-json\/wp\/v2\/types\/product"}],"wp:featuredmedia":[{"embeddable":true,"href":"https:\/\/secureus.se\/pl\/wp-json\/wp\/v2\/media\/134664"}],"wp:attachment":[{"href":"https:\/\/secureus.se\/pl\/wp-json\/wp\/v2\/media?parent=115164"}],"wp:term":[{"taxonomy":"product_brand","embeddable":true,"href":"https:\/\/secureus.se\/pl\/wp-json\/wp\/v2\/product_brand?post=115164"},{"taxonomy":"product_cat","embeddable":true,"href":"https:\/\/secureus.se\/pl\/wp-json\/wp\/v2\/product_cat?post=115164"},{"taxonomy":"product_tag","embeddable":true,"href":"https:\/\/secureus.se\/pl\/wp-json\/wp\/v2\/product_tag?post=115164"}],"curies":[{"name":"wp","href":"https:\/\/api.w.org\/{rel}","templated":true}]}}