{"id":115175,"date":"2024-11-05T18:46:23","date_gmt":"2024-11-05T17:46:23","guid":{"rendered":"https:\/\/secureus.se\/?post_type=product&#038;p=115175"},"modified":"2026-01-12T12:24:22","modified_gmt":"2026-01-12T11:24:22","slug":"crystal-sign-210x148-a5-refill","status":"publish","type":"product","link":"https:\/\/secureus.se\/pl\/crystal-sign-210x148-a5-refill\/","title":{"rendered":"Wk\u0142ad KRYSZTA\u0141OWY ZNAK 210\u00d7148 (A5)."},"content":{"rendered":"<p>Matowe arkusze wk\u0142adek odpowiednie do znaku CRYSTAL SIGN 4823, poziomy format A5 (210x148mm). Zaprojektuj znak korzystaj\u0105c z bezp\u0142atnego programu DURAPRINT\u00ae dost\u0119pnego na www.duraprint.se i wydrukuj drukark\u0105 laserow\u0105 na matowej p\u0142ycie. Opakowanie zawiera 10 arkuszy z 1 wk\u0142adk\u0105\/arkuszem znaku. Arkusze s\u0105 perforowane i \u0142atwo je rozerwa\u0107.<\/p>","protected":false},"excerpt":{"rendered":"<p>10 matowych wk\u0142adek do znaku CRYSTAL SIGN 4823 w formacie poziomym A5 (210x148mm).<\/p>","protected":false},"featured_media":135015,"template":"","meta":{"_acf_changed":false},"product_brand":[],"product_cat":[4264],"product_tag":[4376],"class_list":{"0":"post-115175","1":"product","2":"type-product","3":"status-publish","4":"has-post-thumbnail","6":"product_cat-dorrskyltar-i-akryl","7":"product_tag-transparent","8":"product_shipping_class-tunga-paket","9":"pa_brands-durable","10":"pa_farg-transparent","11":"tm-no-options","13":"first","14":"instock","15":"sale","16":"taxable","17":"shipping-taxable","18":"purchasable","19":"product-type-simple"},"acf":[],"_links":{"self":[{"href":"https:\/\/secureus.se\/pl\/wp-json\/wp\/v2\/product\/115175","targetHints":{"allow":["GET"]}}],"collection":[{"href":"https:\/\/secureus.se\/pl\/wp-json\/wp\/v2\/product"}],"about":[{"href":"https:\/\/secureus.se\/pl\/wp-json\/wp\/v2\/types\/product"}],"wp:featuredmedia":[{"embeddable":true,"href":"https:\/\/secureus.se\/pl\/wp-json\/wp\/v2\/media\/135015"}],"wp:attachment":[{"href":"https:\/\/secureus.se\/pl\/wp-json\/wp\/v2\/media?parent=115175"}],"wp:term":[{"taxonomy":"product_brand","embeddable":true,"href":"https:\/\/secureus.se\/pl\/wp-json\/wp\/v2\/product_brand?post=115175"},{"taxonomy":"product_cat","embeddable":true,"href":"https:\/\/secureus.se\/pl\/wp-json\/wp\/v2\/product_cat?post=115175"},{"taxonomy":"product_tag","embeddable":true,"href":"https:\/\/secureus.se\/pl\/wp-json\/wp\/v2\/product_tag?post=115175"}],"curies":[{"name":"wp","href":"https:\/\/api.w.org\/{rel}","templated":true}]}}