{"id":115178,"date":"2024-11-20T13:56:39","date_gmt":"2024-11-20T12:56:39","guid":{"rendered":"https:\/\/secureus.se\/?post_type=product&#038;p=115178"},"modified":"2026-03-11T14:46:17","modified_gmt":"2026-03-11T13:46:17","slug":"golvskylt-info-stand-basic-a4","status":"publish","type":"product","link":"https:\/\/secureus.se\/pl\/golvskylt-info-stand-basic-a4\/","title":{"rendered":"Znak pod\u0142ogowy Stojak informacyjny BASIC A4"},"content":{"rendered":"<p>Tabliczki pod\u0142ogowe informuj\u0105 i orientuj\u0105 go\u015bci i doskonale nadaj\u0105 si\u0119 do umieszczenia przy wej\u015bciach, recepcjach, wystawach i innych miejscach. Seria szyld\u00f3w INFO STAND BASIC posiada dwie ramki magnetyczne, kt\u00f3re mocowane s\u0105 do metalowej p\u0142ytki po\u015brodku, co umo\u017cliwia \u0142atw\u0105 wymian\u0119 informacji po obu stronach. Stojak pod\u0142ogowy sk\u0142ada si\u0119 z ci\u0119\u017ckiej i stabilnej stopy z gumowymi n\u00f3\u017ckami, aluminiowego stojaka i znaku, kt\u00f3ry mo\u017cna umie\u015bci\u0107 w formacie poziomym lub pionowym bez u\u017cycia narz\u0119dzi.<br \/>\nZaprojektuj znak korzystaj\u0105c z bezp\u0142atnego programu DURAPRINT\u00ae dost\u0119pnego na stronie www.duraprint.se.<br \/>\nW zestawie 2 czarne ramki DURAFRAME\u00ae MAGNETIC A4, zestaw monta\u017cowy i instrukcja. Spersonalizuj znak pod\u0142ogowy kupuj\u0105c ramki w innym kolorze, np. kolorze logo firmy.<br \/>\nWymiary znaku pionowego: 1315x305x305 mm (wys. x szer. x g\u0142.), wymiary znaku poziomego: 1252x323x305 mm (wys. x szer. x g\u0142.)<br \/>\nAkcesoria: Ramki DURAFRAME\u00ae MAGNETIC A4 w innych kolorach, nr art. 4869xx<\/p>","protected":false},"excerpt":{"rendered":"<p>Znak pod\u0142ogowy z czarnymi ramkami magnetycznymi po obu stronach. Do znak\u00f3w w formacie A4.<\/p>","protected":false},"featured_media":134861,"template":"","meta":{"_acf_changed":false},"product_brand":[],"product_cat":[4304],"product_tag":[4394],"class_list":{"0":"post-115178","1":"product","2":"type-product","3":"status-publish","4":"has-post-thumbnail","6":"product_cat-broschyrstall-golvstativ","7":"product_tag-antracitgra","8":"product_shipping_class-tunga-paket","9":"pa_brands-durable","10":"pa_farg-antracitgra","11":"tm-no-options","13":"first","14":"instock","15":"sale","16":"taxable","17":"shipping-taxable","18":"purchasable","19":"product-type-simple"},"acf":[],"_links":{"self":[{"href":"https:\/\/secureus.se\/pl\/wp-json\/wp\/v2\/product\/115178","targetHints":{"allow":["GET"]}}],"collection":[{"href":"https:\/\/secureus.se\/pl\/wp-json\/wp\/v2\/product"}],"about":[{"href":"https:\/\/secureus.se\/pl\/wp-json\/wp\/v2\/types\/product"}],"wp:featuredmedia":[{"embeddable":true,"href":"https:\/\/secureus.se\/pl\/wp-json\/wp\/v2\/media\/134861"}],"wp:attachment":[{"href":"https:\/\/secureus.se\/pl\/wp-json\/wp\/v2\/media?parent=115178"}],"wp:term":[{"taxonomy":"product_brand","embeddable":true,"href":"https:\/\/secureus.se\/pl\/wp-json\/wp\/v2\/product_brand?post=115178"},{"taxonomy":"product_cat","embeddable":true,"href":"https:\/\/secureus.se\/pl\/wp-json\/wp\/v2\/product_cat?post=115178"},{"taxonomy":"product_tag","embeddable":true,"href":"https:\/\/secureus.se\/pl\/wp-json\/wp\/v2\/product_tag?post=115178"}],"curies":[{"name":"wp","href":"https:\/\/api.w.org\/{rel}","templated":true}]}}