{"id":115206,"date":"2024-11-20T14:40:31","date_gmt":"2024-11-20T13:40:31","guid":{"rendered":"https:\/\/secureus.se\/?post_type=product&#038;p=115206"},"modified":"2026-01-12T12:51:28","modified_gmt":"2026-01-12T11:51:28","slug":"id-korthallare-outdoor-secure-armbindel-for-1-kort","status":"publish","type":"product","link":"https:\/\/secureus.se\/pl\/id-korthallare-outdoor-secure-armbindel-for-1-kort\/","title":{"rendered":"Etui na dow\u00f3d osobisty Opaska OUTDOOR SECURE na 1 kart\u0119"},"content":{"rendered":"<p>Chro\u0144 dow\u00f3d osobisty, kart\u0119 autoryzacyjn\u0105 lub kart\u0119 dost\u0119pu, korzystaj\u0105c z uchwytu na kart\u0119 o dostosowanej konstrukcji i mocowaniu - tak, aby karta by\u0142a zawsze bezpiecznie na swoim miejscu, nie przeszkadza\u0142a, a jednocze\u015bnie by\u0142a \u0142atwo dost\u0119pna. Regulowana opaska na rami\u0119 7-18 cm z uchwytem na kart\u0119, kt\u00f3ra jest odporna na wod\u0119 i promieniowanie UV oraz wytrzymuje temperatury do -20\u00b0C, dzi\u0119ki czemu nadaje si\u0119 do u\u017cytku na zewn\u0105trz. Do standardowych kart o wymiarach ok. 54x86mm.<\/p>","protected":false},"excerpt":{"rendered":"<p>Opaska na rami\u0119 z uchwytem na 1 poziom\u0105 kart\u0119 dost\u0119pu w formacie standardowym. 10 szt.\/opakowanie<\/p>","protected":false},"featured_media":133187,"template":"","meta":{"_acf_changed":false},"product_brand":[],"product_cat":[1671],"product_tag":[4376],"class_list":{"0":"post-115206","1":"product","2":"type-product","3":"status-publish","4":"has-post-thumbnail","6":"product_cat-korthallare-for-arbetsplagg","7":"product_tag-transparent","8":"product_shipping_class-tunga-paket","9":"pa_brands-durable","10":"pa_farg-transparent","11":"tm-no-options","13":"first","14":"instock","15":"sale","16":"taxable","17":"shipping-taxable","18":"purchasable","19":"product-type-simple"},"acf":[],"_links":{"self":[{"href":"https:\/\/secureus.se\/pl\/wp-json\/wp\/v2\/product\/115206","targetHints":{"allow":["GET"]}}],"collection":[{"href":"https:\/\/secureus.se\/pl\/wp-json\/wp\/v2\/product"}],"about":[{"href":"https:\/\/secureus.se\/pl\/wp-json\/wp\/v2\/types\/product"}],"wp:featuredmedia":[{"embeddable":true,"href":"https:\/\/secureus.se\/pl\/wp-json\/wp\/v2\/media\/133187"}],"wp:attachment":[{"href":"https:\/\/secureus.se\/pl\/wp-json\/wp\/v2\/media?parent=115206"}],"wp:term":[{"taxonomy":"product_brand","embeddable":true,"href":"https:\/\/secureus.se\/pl\/wp-json\/wp\/v2\/product_brand?post=115206"},{"taxonomy":"product_cat","embeddable":true,"href":"https:\/\/secureus.se\/pl\/wp-json\/wp\/v2\/product_cat?post=115206"},{"taxonomy":"product_tag","embeddable":true,"href":"https:\/\/secureus.se\/pl\/wp-json\/wp\/v2\/product_tag?post=115206"}],"curies":[{"name":"wp","href":"https:\/\/api.w.org\/{rel}","templated":true}]}}