{"id":115217,"date":"2024-11-20T14:10:58","date_gmt":"2024-11-20T13:10:58","guid":{"rendered":"https:\/\/secureus.se\/?post_type=product&#038;p=115217"},"modified":"2026-01-12T12:01:43","modified_gmt":"2026-01-12T11:01:43","slug":"halkskyddstejp-duraline-grip-50-mm","status":"publish","type":"product","link":"https:\/\/secureus.se\/pl\/halkskyddstejp-duraline-grip-50-mm\/","title":{"rendered":"Ta\u015bma antypo\u015blizgowa Duraline Grip+ 50 mm"},"content":{"rendered":"<p>Ta\u015bma antypo\u015blizgowa przeznaczona do stosowania wewn\u0105trz pomieszcze\u0144 lub w chronionych miejscach na zewn\u0105trz, gdzie istnieje ryzyko po\u015blizgu. Mog\u0105 to by\u0107 \u015bliskie pod\u0142ogi lub stopnie, drabiny, pochy\u0142e rampy, peda\u0142y i stopnie maszyn i pojazd\u00f3w. Jest to ta\u015bma samoprzylepna o szeroko\u015bci 50 mm i grubym ziarnie, kt\u00f3ra zapewnia powierzchni\u0119 o dobrej przyczepno\u015bci i tarciu - nawet w trudniejszych warunkach, wi\u0119kszym zu\u017cyciu i zabrudzeniu.<br \/>\n\u0141atwy w u\u017cyciu dla ka\u017cdego: Upewnij si\u0119, \u017ce pod\u0142oga jest czysta i sucha. Minimalna temperatura monta\u017cu to +10, optymalna to 15-20 stopni. Usu\u0144 10 cm folii ochronnej z ty\u0142u i przymocuj ta\u015bm\u0119, nast\u0119pnie odwi\u0144 i stopniowo usu\u0144 foli\u0119 ochronn\u0105, \u0142atwiej b\u0119dzie przymocowa\u0107 ta\u015bm\u0119 w \u017c\u0105danej linii. Po 48 godzinach klej ca\u0142kowicie stwardnieje, ale od razu po monta\u017cu mo\u017cna po ta\u015bmie chodzi\u0107.<br \/>\nDane techniczne: Poziom antypo\u015blizgowo\u015bci R13 zgodnie z norm\u0105 DIN51130. Rozwa\u0142kuj oko\u0142o 15 metr\u00f3w. Szeroko\u015b\u0107: 50 mm. Wielko\u015b\u0107 ziarna 36<\/p>","protected":false},"excerpt":{"rendered":"<p>Ta\u015bma antypo\u015blizgowa o szeroko\u015bci 50 mm do stosowania wewn\u0105trz i w chronionych miejscach na zewn\u0105trz. Gruba, szorstka powierzchnia zapewniaj\u0105ca dobry chwyt nawet w nieco trudniejszych warunkach.<\/p>","protected":false},"featured_media":133743,"template":"","meta":{"_acf_changed":false},"product_brand":[],"product_cat":[4305],"product_tag":[4381],"class_list":{"0":"post-115217","1":"product","2":"type-product","3":"status-publish","4":"has-post-thumbnail","6":"product_cat-halkskyddstejp","7":"product_tag-svart","8":"product_shipping_class-tunga-paket","9":"pa_brands-durable","10":"pa_farg-svart","11":"tm-no-options","13":"first","14":"instock","15":"sale","16":"taxable","17":"shipping-taxable","18":"purchasable","19":"product-type-simple"},"acf":[],"_links":{"self":[{"href":"https:\/\/secureus.se\/pl\/wp-json\/wp\/v2\/product\/115217","targetHints":{"allow":["GET"]}}],"collection":[{"href":"https:\/\/secureus.se\/pl\/wp-json\/wp\/v2\/product"}],"about":[{"href":"https:\/\/secureus.se\/pl\/wp-json\/wp\/v2\/types\/product"}],"wp:featuredmedia":[{"embeddable":true,"href":"https:\/\/secureus.se\/pl\/wp-json\/wp\/v2\/media\/133743"}],"wp:attachment":[{"href":"https:\/\/secureus.se\/pl\/wp-json\/wp\/v2\/media?parent=115217"}],"wp:term":[{"taxonomy":"product_brand","embeddable":true,"href":"https:\/\/secureus.se\/pl\/wp-json\/wp\/v2\/product_brand?post=115217"},{"taxonomy":"product_cat","embeddable":true,"href":"https:\/\/secureus.se\/pl\/wp-json\/wp\/v2\/product_cat?post=115217"},{"taxonomy":"product_tag","embeddable":true,"href":"https:\/\/secureus.se\/pl\/wp-json\/wp\/v2\/product_tag?post=115217"}],"curies":[{"name":"wp","href":"https:\/\/api.w.org\/{rel}","templated":true}]}}