{"id":115230,"date":"2024-11-05T18:45:49","date_gmt":"2024-11-05T17:45:49","guid":{"rendered":"https:\/\/secureus.se\/?post_type=product&#038;p=115230"},"modified":"2026-01-12T12:25:42","modified_gmt":"2026-01-12T11:25:42","slug":"crystal-sign-297x420-a3-golvskylt-refill","status":"publish","type":"product","link":"https:\/\/secureus.se\/pl\/crystal-sign-297x420-a3-golvskylt-refill\/","title":{"rendered":"KRYSZTA\u0141OWY ZNAK 297\u00d7420 (znak pod\u0142ogowy A3) uzupe\u0142nienie"},"content":{"rendered":"<p>Matowe arkusze wk\u0142adek odpowiednie do tabliczki pod\u0142ogowej CRYSTAL SIGN 4819, format A3 (297x420mm). Zaprojektuj znak korzystaj\u0105c z bezp\u0142atnego programu DURAPRINT\u00ae dost\u0119pnego na www.duraprint.se i wydrukuj drukark\u0105 laserow\u0105 na matowej p\u0142ycie. Opakowanie zawiera 10 arkuszy z 1 wk\u0142adk\u0105\/arkuszem znaku. Arkusze s\u0105 perforowane i \u0142atwo je rozerwa\u0107.<\/p>","protected":false},"excerpt":{"rendered":"<p>10 matowych wk\u0142adek do znaku pod\u0142ogowego CRYSTAL SIGN 4819 w formacie A3 (297x420mm).<\/p>","protected":false},"featured_media":135020,"template":"","meta":{"_acf_changed":false},"product_brand":[],"product_cat":[4264],"product_tag":[4376],"class_list":{"0":"post-115230","1":"product","2":"type-product","3":"status-publish","4":"has-post-thumbnail","6":"product_cat-dorrskyltar-i-akryl","7":"product_tag-transparent","8":"product_shipping_class-tunga-paket","9":"pa_brands-durable","10":"pa_farg-transparent","11":"tm-no-options","13":"first","14":"instock","15":"sale","16":"taxable","17":"shipping-taxable","18":"purchasable","19":"product-type-simple"},"acf":[],"_links":{"self":[{"href":"https:\/\/secureus.se\/pl\/wp-json\/wp\/v2\/product\/115230","targetHints":{"allow":["GET"]}}],"collection":[{"href":"https:\/\/secureus.se\/pl\/wp-json\/wp\/v2\/product"}],"about":[{"href":"https:\/\/secureus.se\/pl\/wp-json\/wp\/v2\/types\/product"}],"wp:featuredmedia":[{"embeddable":true,"href":"https:\/\/secureus.se\/pl\/wp-json\/wp\/v2\/media\/135020"}],"wp:attachment":[{"href":"https:\/\/secureus.se\/pl\/wp-json\/wp\/v2\/media?parent=115230"}],"wp:term":[{"taxonomy":"product_brand","embeddable":true,"href":"https:\/\/secureus.se\/pl\/wp-json\/wp\/v2\/product_brand?post=115230"},{"taxonomy":"product_cat","embeddable":true,"href":"https:\/\/secureus.se\/pl\/wp-json\/wp\/v2\/product_cat?post=115230"},{"taxonomy":"product_tag","embeddable":true,"href":"https:\/\/secureus.se\/pl\/wp-json\/wp\/v2\/product_tag?post=115230"}],"curies":[{"name":"wp","href":"https:\/\/api.w.org\/{rel}","templated":true}]}}