{"id":115257,"date":"2024-11-20T14:04:21","date_gmt":"2024-11-20T13:04:21","guid":{"rendered":"https:\/\/secureus.se\/?post_type=product&#038;p=115257"},"modified":"2026-01-12T12:10:32","modified_gmt":"2026-01-12T11:10:32","slug":"forsta-hjalpen-skap-first-aid-box-m-med-innehall-enl-din-131642022","status":"publish","type":"product","link":"https:\/\/secureus.se\/pl\/forsta-hjalpen-skap-first-aid-box-m-med-innehall-enl-din-131642022\/","title":{"rendered":"Apteczka pierwszej pomocy SKRZYNKA PIERWSZEJ POMOCY M z zawarto\u015bci\u0105 wg. DIN 13164:2022"},"content":{"rendered":"<p>Zbierz \u015brodki pierwszej pomocy, tabletki na b\u00f3l g\u0142owy i tym podobne w jednym miejscu, aby w razie potrzeby by\u0142y \u0142atwo dost\u0119pne. Zaprojektowana apteczka pierwszej pomocy wykonana z aluminium z 2 obrotowymi przegr\u00f3dkami, kt\u00f3re w razie potrzeby mo\u017cna wype\u0142ni\u0107 zawarto\u015bci\u0105. W zestawie \u015bruba i ko\u0142ek do monta\u017cu na \u015bcianie oraz samoprzylepna plakietka pierwszej pomocy. Zamek b\u0119benkowy wraz z 2 kluczami umo\u017cliwia zamykanie szafki. W zestawie ZESTAW PIERWSZEJ POMOCY M \u2013 pe\u0142en asortyment artyku\u0142\u00f3w pierwszej pomocy, m.in. plastry, kompresy, banda\u017ce, ta\u015bmy, r\u0119kawiczki plastikowe, koc ratunkowy (chroni\u0105cy przed wych\u0142odzeniem) zgodny z norm\u0105 DIN 13164 przeznaczony do u\u017cytku prywatnego. Wymiary: 28x30x12 cm WxSxG. <\/p>","protected":false},"excerpt":{"rendered":"<p>Aluminiowa apteczka pierwszej pomocy z dwiema przegrodami, zawieraj\u0105ca zestaw 36 artyku\u0142\u00f3w pierwszej pomocy.<\/p>","protected":false},"featured_media":133902,"template":"","meta":{"_acf_changed":false},"product_brand":[],"product_cat":[1573],"product_tag":[4382],"class_list":{"0":"post-115257","1":"product","2":"type-product","3":"status-publish","4":"has-post-thumbnail","6":"product_cat-forsta-hjalpen","7":"product_tag-silver","8":"product_shipping_class-tunga-paket","9":"pa_brands-durable","10":"pa_farg-silver","11":"tm-no-options","13":"first","14":"instock","15":"sale","16":"taxable","17":"shipping-taxable","18":"purchasable","19":"product-type-simple"},"acf":[],"_links":{"self":[{"href":"https:\/\/secureus.se\/pl\/wp-json\/wp\/v2\/product\/115257","targetHints":{"allow":["GET"]}}],"collection":[{"href":"https:\/\/secureus.se\/pl\/wp-json\/wp\/v2\/product"}],"about":[{"href":"https:\/\/secureus.se\/pl\/wp-json\/wp\/v2\/types\/product"}],"wp:featuredmedia":[{"embeddable":true,"href":"https:\/\/secureus.se\/pl\/wp-json\/wp\/v2\/media\/133902"}],"wp:attachment":[{"href":"https:\/\/secureus.se\/pl\/wp-json\/wp\/v2\/media?parent=115257"}],"wp:term":[{"taxonomy":"product_brand","embeddable":true,"href":"https:\/\/secureus.se\/pl\/wp-json\/wp\/v2\/product_brand?post=115257"},{"taxonomy":"product_cat","embeddable":true,"href":"https:\/\/secureus.se\/pl\/wp-json\/wp\/v2\/product_cat?post=115257"},{"taxonomy":"product_tag","embeddable":true,"href":"https:\/\/secureus.se\/pl\/wp-json\/wp\/v2\/product_tag?post=115257"}],"curies":[{"name":"wp","href":"https:\/\/api.w.org\/{rel}","templated":true}]}}