{"id":115268,"date":"2024-11-20T14:04:22","date_gmt":"2024-11-20T13:04:22","guid":{"rendered":"https:\/\/secureus.se\/?post_type=product&#038;p=115268"},"modified":"2026-01-12T13:01:47","modified_gmt":"2026-01-12T12:01:47","slug":"flexiboxx-12-a4-liggande-brochyrfack-2","status":"publish","type":"product","link":"https:\/\/secureus.se\/pl\/flexiboxx-12-a4-liggande-brochyrfack-2\/","title":{"rendered":"Pozioma taca na broszury FLEXIBOXX 12 A4"},"content":{"rendered":"<p>Przegroda na formularze, stojak na broszury, skrzynka na listy - FLEXIBOXX to seria oszcz\u0119dzaj\u0105cych miejsce, elastycznych i montowanych na \u015bcianie uchwyt\u00f3w na broszury, czasopisma, formularze i inne informacje w formacie A4. W ka\u017cdej komorze mieszcz\u0105 si\u0119 wi\u0105zki o grubo\u015bci 24 mm. Jest to kompletny zestaw sk\u0142adaj\u0105cy si\u0119 z 12 przegr\u00f3dek w uk\u0142adzie poziomym, panelu przedniego oraz \u015brub i ko\u0142k\u00f3w. Wymiary ka\u017cdej pojedynczej przegr\u00f3dki wynosz\u0105 35x28x3,5 cm (szer. x wys. x g\u0142.). Po z\u0142o\u017ceniu i zamontowaniu pod k\u0105tem od \u015bciany, ma wymiary 9,5 cm, szeroko\u015b\u0107 35 cm i wysoko\u015b\u0107 104 cm.<\/p>","protected":false},"excerpt":{"rendered":"<p>Kompletny zestaw sk\u0142adaj\u0105cy si\u0119 z 12 tac na ulotki FLEXIBOXX A4 w formacie poziomym i p\u0142yty czo\u0142owej.<\/p>","protected":false},"featured_media":133698,"template":"","meta":{"_acf_changed":false},"product_brand":[],"product_cat":[4280],"product_tag":[4381],"class_list":{"0":"post-115268","1":"product","2":"type-product","3":"status-publish","4":"has-post-thumbnail","6":"product_cat-broschyrstall","7":"product_tag-svart","8":"product_shipping_class-tunga-paket","9":"pa_brands-durable","10":"pa_farg-svart","11":"tm-no-options","13":"first","14":"instock","15":"sale","16":"taxable","17":"shipping-taxable","18":"purchasable","19":"product-type-simple"},"acf":[],"_links":{"self":[{"href":"https:\/\/secureus.se\/pl\/wp-json\/wp\/v2\/product\/115268","targetHints":{"allow":["GET"]}}],"collection":[{"href":"https:\/\/secureus.se\/pl\/wp-json\/wp\/v2\/product"}],"about":[{"href":"https:\/\/secureus.se\/pl\/wp-json\/wp\/v2\/types\/product"}],"wp:featuredmedia":[{"embeddable":true,"href":"https:\/\/secureus.se\/pl\/wp-json\/wp\/v2\/media\/133698"}],"wp:attachment":[{"href":"https:\/\/secureus.se\/pl\/wp-json\/wp\/v2\/media?parent=115268"}],"wp:term":[{"taxonomy":"product_brand","embeddable":true,"href":"https:\/\/secureus.se\/pl\/wp-json\/wp\/v2\/product_brand?post=115268"},{"taxonomy":"product_cat","embeddable":true,"href":"https:\/\/secureus.se\/pl\/wp-json\/wp\/v2\/product_cat?post=115268"},{"taxonomy":"product_tag","embeddable":true,"href":"https:\/\/secureus.se\/pl\/wp-json\/wp\/v2\/product_tag?post=115268"}],"curies":[{"name":"wp","href":"https:\/\/api.w.org\/{rel}","templated":true}]}}