{"id":115271,"date":"2024-11-20T14:11:21","date_gmt":"2024-11-20T13:11:21","guid":{"rendered":"https:\/\/secureus.se\/?post_type=product&#038;p=115271"},"modified":"2025-09-15T12:38:34","modified_gmt":"2025-09-15T10:38:34","slug":"kabelsamlare-cavoline-grip-20","status":"publish","type":"product","link":"https:\/\/secureus.se\/pl\/kabelsamlare-cavoline-grip-20\/","title":{"rendered":"Kolektor kablowy CAVOLINE\u00ae GRIP 20"},"content":{"rendered":"<p>Utrzymuj porz\u0105dek w kablach dzi\u0119ki CAVOLINE\u00ae zar\u00f3wno w biurze, jak i w domu. Zbierz kable, a b\u0119dzie wygl\u0105da\u0107 schludniej i b\u0119dzie \u0142atwiejszy do czyszczenia.<br \/>\nRzep o szeroko\u015bci 2 cm jest przycinany na \u017c\u0105dan\u0105 d\u0142ugo\u015b\u0107, aby pasowa\u0142 do r\u00f3\u017cnych wi\u0105zek. Opaska mo\u017ce by\u0107 u\u017cyta kilka razy.<br \/>\n  Wymiary: 1 m x 2 cm (d\u0142. x szer.)<\/p>","protected":false},"excerpt":{"rendered":"<p>Kolektor kablowy wykonany z ta\u015bmy rzepowej o szeroko\u015bci 2 cm docinanej na \u017c\u0105dan\u0105 d\u0142ugo\u015b\u0107.<\/p>","protected":false},"featured_media":115275,"template":"","meta":{"_acf_changed":false},"product_brand":[],"product_cat":[4287],"product_tag":[],"class_list":{"0":"post-115271","1":"product","2":"type-product","3":"status-publish","4":"has-post-thumbnail","6":"product_cat-kabelsamlare","7":"pa_brands-durable","8":"pa_farg-svart","9":"tm-no-options","11":"first","12":"instock","13":"sale","14":"taxable","15":"shipping-taxable","16":"purchasable","17":"product-type-simple"},"acf":[],"_links":{"self":[{"href":"https:\/\/secureus.se\/pl\/wp-json\/wp\/v2\/product\/115271","targetHints":{"allow":["GET"]}}],"collection":[{"href":"https:\/\/secureus.se\/pl\/wp-json\/wp\/v2\/product"}],"about":[{"href":"https:\/\/secureus.se\/pl\/wp-json\/wp\/v2\/types\/product"}],"wp:featuredmedia":[{"embeddable":true,"href":"https:\/\/secureus.se\/pl\/wp-json\/wp\/v2\/media\/115275"}],"wp:attachment":[{"href":"https:\/\/secureus.se\/pl\/wp-json\/wp\/v2\/media?parent=115271"}],"wp:term":[{"taxonomy":"product_brand","embeddable":true,"href":"https:\/\/secureus.se\/pl\/wp-json\/wp\/v2\/product_brand?post=115271"},{"taxonomy":"product_cat","embeddable":true,"href":"https:\/\/secureus.se\/pl\/wp-json\/wp\/v2\/product_cat?post=115271"},{"taxonomy":"product_tag","embeddable":true,"href":"https:\/\/secureus.se\/pl\/wp-json\/wp\/v2\/product_tag?post=115271"}],"curies":[{"name":"wp","href":"https:\/\/api.w.org\/{rel}","templated":true}]}}