{"id":115290,"date":"2024-11-20T14:03:11","date_gmt":"2024-11-20T13:03:11","guid":{"rendered":"https:\/\/secureus.se\/?post_type=product&#038;p=115290"},"modified":"2026-01-12T12:23:33","modified_gmt":"2026-01-12T11:23:33","slug":"klamlist-magnetisk-sjalvhaftande-durafix-roll-5-m-3","status":"publish","type":"product","link":"https:\/\/secureus.se\/pl\/klamlist-magnetisk-sjalvhaftande-durafix-roll-5-m-3\/","title":{"rendered":"Listwa zaciskowa magnetyczna, samoprzylepna DURAFIX\u00ae ROLL 5 m"},"content":{"rendered":"<p>Publikuj notatki, przypomnienia i szybciej i \u0142atwiej dzi\u0119ki DURAFIX\u00ae. \u0141atwa obs\u0142uga: przymocuj samoprzylepny pasek magnetyczny, otw\u00f3rz, w\u0142\u00f3\u017c notatk\u0119 i zamknij. Listw\u0119, kt\u00f3r\u0105 mo\u017cna przyci\u0105\u0107 na \u017c\u0105dan\u0105 d\u0142ugo\u015b\u0107, montuje si\u0119 na g\u0142adkich powierzchniach, takich jak szafki, szklane drzwi, witryny sklepowe, tablice czy stoiska targowe, a po usuni\u0119ciu z g\u0142adkich powierzchni nie pozostawia \u015blad\u00f3w. \u015awietnie wygl\u0105da z obu stron tafli szk\u0142a. Rolka 5 metr\u00f3w, wysoko\u015b\u0107 17 mm.<\/p>","protected":false},"excerpt":{"rendered":"<p>Samoprzylepna magnetyczna szyna zaciskowa do informacji. Mo\u017cna przyci\u0105\u0107 na \u017c\u0105dan\u0105 d\u0142ugo\u015b\u0107.<\/p>","protected":false},"featured_media":134729,"template":"","meta":{"_acf_changed":false},"product_brand":[],"product_cat":[4269],"product_tag":[4382],"class_list":{"0":"post-115290","1":"product","2":"type-product","3":"status-publish","4":"has-post-thumbnail","6":"product_cat-magnetisk-fastsattning","7":"product_tag-silver","8":"product_shipping_class-tunga-paket","9":"pa_brands-durable","10":"pa_farg-silver","11":"tm-no-options","13":"first","14":"instock","15":"sale","16":"taxable","17":"shipping-taxable","18":"purchasable","19":"product-type-simple"},"acf":[],"_links":{"self":[{"href":"https:\/\/secureus.se\/pl\/wp-json\/wp\/v2\/product\/115290","targetHints":{"allow":["GET"]}}],"collection":[{"href":"https:\/\/secureus.se\/pl\/wp-json\/wp\/v2\/product"}],"about":[{"href":"https:\/\/secureus.se\/pl\/wp-json\/wp\/v2\/types\/product"}],"wp:featuredmedia":[{"embeddable":true,"href":"https:\/\/secureus.se\/pl\/wp-json\/wp\/v2\/media\/134729"}],"wp:attachment":[{"href":"https:\/\/secureus.se\/pl\/wp-json\/wp\/v2\/media?parent=115290"}],"wp:term":[{"taxonomy":"product_brand","embeddable":true,"href":"https:\/\/secureus.se\/pl\/wp-json\/wp\/v2\/product_brand?post=115290"},{"taxonomy":"product_cat","embeddable":true,"href":"https:\/\/secureus.se\/pl\/wp-json\/wp\/v2\/product_cat?post=115290"},{"taxonomy":"product_tag","embeddable":true,"href":"https:\/\/secureus.se\/pl\/wp-json\/wp\/v2\/product_tag?post=115290"}],"curies":[{"name":"wp","href":"https:\/\/api.w.org\/{rel}","templated":true}]}}