{"id":115301,"date":"2024-12-07T15:21:12","date_gmt":"2024-12-07T14:21:12","guid":{"rendered":"https:\/\/secureus.se\/?post_type=product&#038;p=115301"},"modified":"2026-01-12T12:08:06","modified_gmt":"2026-01-12T11:08:06","slug":"nyckelskap-key-box-48-med-cylinderlas","status":"publish","type":"product","link":"https:\/\/secureus.se\/pl\/nyckelskap-key-box-48-med-cylinderlas\/","title":{"rendered":"Szafka na klucze KEY BOX 48 z zamkiem b\u0119benkowym"},"content":{"rendered":"<p>Szafka na klucze zapewnia naturalne miejsce do gromadzenia i przechowywania kluczy, co zapewnia wi\u0119kszy porz\u0105dek i bezpiecze\u0144stwo. Seria konstrukcyjna Durable KEY BOX z r\u00f3\u017cnymi szafkami na klucze jest wykonana z aluminium i posiada przejrzyst\u0105 list\u0119 zawarto\u015bci po wewn\u0119trznej stronie drzwi. Breloczki do kluczy s\u0105 specjalnie zaprojektowane do zawieszenia pomi\u0119dzy dwoma haczykami na pasku na klucze, co oznacza, \u017ce oznaczenie jest dobrze widoczne, a klucz wisi za brelokiem. W zestawie zestaw zawieraj\u0105cy 6 zawieszek na klucze w kolorze czerwonym, \u017c\u00f3\u0142tym, niebieskim i czarnym, a tak\u017ce \u015bruby i ko\u0142ki do monta\u017cu. Szablony do drukowania etykiet na breloczki i list\u0119 kluczy mo\u017cna pobra\u0107 ze strony https:\/\/www.durable.se\/service\/ladda-ner\/mallar.html. Ta szafka na klucze jest wyposa\u017cona w zamek b\u0119benkowy z 2 kluczami i miejscem na 48 kluczy. Przedni\u0105 tablic\u0119 na klucze mo\u017cna wype\u0142ni\u0107 wi\u0119ksz\u0105 liczb\u0105 pask\u00f3w na klucze z ty\u0142u, aby pomie\u015bci\u0107 wi\u0119cej kluczy. Wymiary: 40x30x12 cm WxSxG<br \/>\nAkcesoria: Dodatkowe breloki do kluczy numer artyku\u0142u 1957 w r\u00f3\u017cnych kolorach. <\/p>","protected":false},"excerpt":{"rendered":"<p>Aluminiowa szafka na klucze do przechowywania 48 kluczy. <\/p>","protected":false},"featured_media":135326,"template":"","meta":{"_acf_changed":false},"product_brand":[],"product_cat":[1932],"product_tag":[4382],"class_list":{"0":"post-115301","1":"product","2":"type-product","3":"status-publish","4":"has-post-thumbnail","6":"product_cat-nyckelgomma-nyckelbox","7":"product_tag-silver","8":"product_shipping_class-tunga-paket","9":"pa_brands-durable","10":"pa_farg-silver","11":"tm-no-options","13":"first","14":"instock","15":"sale","16":"taxable","17":"shipping-taxable","18":"purchasable","19":"product-type-simple"},"acf":[],"_links":{"self":[{"href":"https:\/\/secureus.se\/pl\/wp-json\/wp\/v2\/product\/115301","targetHints":{"allow":["GET"]}}],"collection":[{"href":"https:\/\/secureus.se\/pl\/wp-json\/wp\/v2\/product"}],"about":[{"href":"https:\/\/secureus.se\/pl\/wp-json\/wp\/v2\/types\/product"}],"wp:featuredmedia":[{"embeddable":true,"href":"https:\/\/secureus.se\/pl\/wp-json\/wp\/v2\/media\/135326"}],"wp:attachment":[{"href":"https:\/\/secureus.se\/pl\/wp-json\/wp\/v2\/media?parent=115301"}],"wp:term":[{"taxonomy":"product_brand","embeddable":true,"href":"https:\/\/secureus.se\/pl\/wp-json\/wp\/v2\/product_brand?post=115301"},{"taxonomy":"product_cat","embeddable":true,"href":"https:\/\/secureus.se\/pl\/wp-json\/wp\/v2\/product_cat?post=115301"},{"taxonomy":"product_tag","embeddable":true,"href":"https:\/\/secureus.se\/pl\/wp-json\/wp\/v2\/product_tag?post=115301"}],"curies":[{"name":"wp","href":"https:\/\/api.w.org\/{rel}","templated":true}]}}