{"id":115302,"date":"2024-11-20T14:12:20","date_gmt":"2024-11-20T13:12:20","guid":{"rendered":"https:\/\/secureus.se\/?post_type=product&#038;p=115302"},"modified":"2026-01-12T12:45:55","modified_gmt":"2026-01-12T11:45:55","slug":"namnskylt-54x90-nal-klamfaste-2","status":"publish","type":"product","link":"https:\/\/secureus.se\/pl\/namnskylt-54x90-nal-klamfaste-2\/","title":{"rendered":"Tabliczka znamionowa 54\u00d790, mocowanie na pin\/klips"},"content":{"rendered":"<p>Uczestnicy konferencji, go\u015bcie firm, pracownicy targ\u00f3w, sklep\u00f3w, osoby wykonuj\u0105ce zawody us\u0142ugowe i sprzedawcy \u2013 list\u0119 mo\u017cna rozszerzy\u0107 tam, gdzie potrzebne s\u0105 identyfikatory w r\u00f3\u017cnych rozmiarach, wzorach i mo\u017cliwo\u015bciach mocowania. Jest to klasyczna prosta plakietka odpowiednia na wizyt\u00f3wki o wymiarach 54x90mm. Zacisk kombinowany daje mo\u017cliwo\u015b\u0107 wyboru sposobu mocowania znaku. Uchwyt na kciuk u\u0142atwia wyjmowanie karty. W zestawie bia\u0142e etykiety w pasku. Etykiety na arkuszach A4 do druku w drukarkach mo\u017cna zam\u00f3wi\u0107 osobno. Skorzystaj z bezp\u0142atnego programu DURAPRINT\u00ae dost\u0119pnego na www.duraprint.se, aby tworzy\u0107 i drukowa\u0107 stylowe etykiety imienne.<br \/>\nAkcesoria:<br \/>\nEtykiety Badgemaker\u00ae na kartkach A4 do druku w drukarce, nr art. 145502<\/p>","protected":false},"excerpt":{"rendered":"<p>Identyfikator, kt\u00f3ry mo\u017cna przymocowa\u0107 za pomoc\u0105 agrafki lub klipsa. Standardem dla wizyt\u00f3wek jest format 54x90mm. 50 szt.\/opakowanie<\/p>","protected":false},"featured_media":133646,"template":"","meta":{"_acf_changed":false},"product_brand":[],"product_cat":[4282],"product_tag":[4376],"class_list":{"0":"post-115302","1":"product","2":"type-product","3":"status-publish","4":"has-post-thumbnail","6":"product_cat-namnskyltar-med-nal","7":"product_tag-transparent","8":"product_shipping_class-tunga-paket","9":"pa_brands-durable","10":"pa_farg-transparent","11":"tm-no-options","13":"first","14":"instock","15":"sale","16":"taxable","17":"shipping-taxable","18":"purchasable","19":"product-type-simple"},"acf":[],"_links":{"self":[{"href":"https:\/\/secureus.se\/pl\/wp-json\/wp\/v2\/product\/115302","targetHints":{"allow":["GET"]}}],"collection":[{"href":"https:\/\/secureus.se\/pl\/wp-json\/wp\/v2\/product"}],"about":[{"href":"https:\/\/secureus.se\/pl\/wp-json\/wp\/v2\/types\/product"}],"wp:featuredmedia":[{"embeddable":true,"href":"https:\/\/secureus.se\/pl\/wp-json\/wp\/v2\/media\/133646"}],"wp:attachment":[{"href":"https:\/\/secureus.se\/pl\/wp-json\/wp\/v2\/media?parent=115302"}],"wp:term":[{"taxonomy":"product_brand","embeddable":true,"href":"https:\/\/secureus.se\/pl\/wp-json\/wp\/v2\/product_brand?post=115302"},{"taxonomy":"product_cat","embeddable":true,"href":"https:\/\/secureus.se\/pl\/wp-json\/wp\/v2\/product_cat?post=115302"},{"taxonomy":"product_tag","embeddable":true,"href":"https:\/\/secureus.se\/pl\/wp-json\/wp\/v2\/product_tag?post=115302"}],"curies":[{"name":"wp","href":"https:\/\/api.w.org\/{rel}","templated":true}]}}