{"id":115303,"date":"2024-11-05T18:20:29","date_gmt":"2024-11-05T17:20:29","guid":{"rendered":"https:\/\/secureus.se\/?post_type=product&#038;p=115303"},"modified":"2026-01-12T12:38:30","modified_gmt":"2026-01-12T11:38:30","slug":"bladderstall-function-wall-10","status":"publish","type":"product","link":"https:\/\/secureus.se\/pl\/bladderstall-function-wall-10\/","title":{"rendered":"Stojak na flipcharty FUNKCJA \u015aCIENNA 10"},"content":{"rendered":"<p>Stanowiska informacyjno-prezentacyjne o wielu r\u00f3\u017cnych nazwach; panel, wy\u015bwietlacz, system przegl\u0105du, rejestr skrzyd\u0142owy, uchwyt PLU, uchwyt na dokumenty, \u015bci\u0105gawka\u2026. Bez wzgl\u0119du na nazw\u0119, znajduje szerokie zastosowanie w magazynach, zak\u0142adach produkcyjnych, przy kasach itp. Cz\u0119sto wykorzystywane informacje s\u0105 zapisywane, mo\u017cna je szybko odnale\u017a\u0107 i \u0142atwo przegl\u0105da\u0107 w systemie przegl\u0105du. FUNCTION WALL 10 to kompletny metalowy uchwyt \u015bcienny z 10 plastikowymi kieszeniami do skanowania z czerwonymi i niebieskimi kraw\u0119dziami oraz sta\u0142ymi uchwytami na nag\u0142\u00f3wki. Dla dokument\u00f3w w formacie A4. Podczas wk\u0142adania i wyjmowania kieszeni, dobrym pomys\u0142em jest delikatne, delikatne zgi\u0119cie kieszeni na \u015brodku wzd\u0142u\u017c wewn\u0119trznego d\u0142ugiego boku. U\u0142atwi to wk\u0142adanie i wyjmowanie kieszeni bez uszkadzania kolc\u00f3w w uchwycie.<\/p>","protected":false},"excerpt":{"rendered":"<p>Kompletny metalowy wieszak \u015bcienny z 10 odchylanymi panelami A4, dzi\u0119ki kt\u00f3rym cz\u0119sto u\u017cywane informacje b\u0119d\u0105 szybko i wyra\u017anie pod r\u0119k\u0105. <\/p>","protected":false},"featured_media":135147,"template":"","meta":{"_acf_changed":false},"product_brand":[],"product_cat":[4301],"product_tag":[4397],"class_list":{"0":"post-115303","1":"product","2":"type-product","3":"status-publish","4":"has-post-thumbnail","6":"product_cat-tillbehor-till-bladderpanelsystem","7":"product_tag-mix","8":"product_shipping_class-tunga-paket","9":"pa_brands-durable","10":"pa_farg-mix","11":"tm-no-options","13":"first","14":"instock","15":"sale","16":"taxable","17":"shipping-taxable","18":"purchasable","19":"product-type-simple"},"acf":[],"_links":{"self":[{"href":"https:\/\/secureus.se\/pl\/wp-json\/wp\/v2\/product\/115303","targetHints":{"allow":["GET"]}}],"collection":[{"href":"https:\/\/secureus.se\/pl\/wp-json\/wp\/v2\/product"}],"about":[{"href":"https:\/\/secureus.se\/pl\/wp-json\/wp\/v2\/types\/product"}],"wp:featuredmedia":[{"embeddable":true,"href":"https:\/\/secureus.se\/pl\/wp-json\/wp\/v2\/media\/135147"}],"wp:attachment":[{"href":"https:\/\/secureus.se\/pl\/wp-json\/wp\/v2\/media?parent=115303"}],"wp:term":[{"taxonomy":"product_brand","embeddable":true,"href":"https:\/\/secureus.se\/pl\/wp-json\/wp\/v2\/product_brand?post=115303"},{"taxonomy":"product_cat","embeddable":true,"href":"https:\/\/secureus.se\/pl\/wp-json\/wp\/v2\/product_cat?post=115303"},{"taxonomy":"product_tag","embeddable":true,"href":"https:\/\/secureus.se\/pl\/wp-json\/wp\/v2\/product_tag?post=115303"}],"curies":[{"name":"wp","href":"https:\/\/api.w.org\/{rel}","templated":true}]}}