{"id":115314,"date":"2024-11-20T14:12:21","date_gmt":"2024-11-20T13:12:21","guid":{"rendered":"https:\/\/secureus.se\/?post_type=product&#038;p=115314"},"modified":"2026-01-12T12:47:55","modified_gmt":"2026-01-12T11:47:55","slug":"namnskylt-54x90-magnetfaste","status":"publish","type":"product","link":"https:\/\/secureus.se\/pl\/namnskylt-54x90-magnetfaste\/","title":{"rendered":"Tabliczka znamionowa 54\u00d790, mocowanie magnetyczne"},"content":{"rendered":"<p>Uczestnicy konferencji, go\u015bcie firm, pracownicy targ\u00f3w, sklep\u00f3w, osoby wykonuj\u0105ce zawody us\u0142ugowe i sprzedawcy \u2013 list\u0119 mo\u017cna rozszerzy\u0107 tam, gdzie potrzebne s\u0105 identyfikatory w r\u00f3\u017cnych rozmiarach, wzorach i mo\u017cliwo\u015bciach mocowania. Jest to przyjazna dla tekstyli\u00f3w plakietka z dwiema mo\u017cliwo\u015bciami mocowania, kt\u00f3ra nie powoduje dziur w ubraniach. Opr\u00f3cz mocowania magnetycznego mo\u017cna j\u0105 r\u00f3wnie\u017c dosun\u0105\u0107 na kraw\u0119d\u017a kieszeni na piersi, dzi\u0119ki czemu widoczna jest sama tabliczka znamionowa, a ty\u0142 znajduje si\u0119 po wewn\u0119trznej stronie kieszeni. UWAGA! Nie nadaje si\u0119 dla os\u00f3b z rozrusznikiem serca. W zestawie bia\u0142e etykiety w pasku. Etykiety na arkuszach A4 do druku w drukarkach mo\u017cna zam\u00f3wi\u0107 osobno. Skorzystaj z bezp\u0142atnego programu DURAPRINT\u00ae dost\u0119pnego na www.duraprint.se, aby tworzy\u0107 i drukowa\u0107 stylowe etykiety imienne.<br \/>\nAkcesoria:<br \/>\nEtykiety Badgemaker\u00ae na kartkach A4 do druku w drukarce, nr art. 145502<\/p>","protected":false},"excerpt":{"rendered":"<p>Identyfikator z magnetycznym mocowaniem, kt\u00f3ry nie pozostawia \u015blad\u00f3w na ubraniu. Format wizyt\u00f3wki 54x90mm. 25 sztuk\/opakowanie<\/p>","protected":false},"featured_media":134642,"template":"","meta":{"_acf_changed":false},"product_brand":[],"product_cat":[4286],"product_tag":[4376],"class_list":{"0":"post-115314","1":"product","2":"type-product","3":"status-publish","4":"has-post-thumbnail","6":"product_cat-namnskyltar-med-magnet","7":"product_tag-transparent","8":"product_shipping_class-tunga-paket","9":"pa_brands-durable","10":"pa_farg-transparent","11":"tm-no-options","13":"first","14":"instock","15":"sale","16":"taxable","17":"shipping-taxable","18":"purchasable","19":"product-type-simple"},"acf":[],"_links":{"self":[{"href":"https:\/\/secureus.se\/pl\/wp-json\/wp\/v2\/product\/115314","targetHints":{"allow":["GET"]}}],"collection":[{"href":"https:\/\/secureus.se\/pl\/wp-json\/wp\/v2\/product"}],"about":[{"href":"https:\/\/secureus.se\/pl\/wp-json\/wp\/v2\/types\/product"}],"wp:featuredmedia":[{"embeddable":true,"href":"https:\/\/secureus.se\/pl\/wp-json\/wp\/v2\/media\/134642"}],"wp:attachment":[{"href":"https:\/\/secureus.se\/pl\/wp-json\/wp\/v2\/media?parent=115314"}],"wp:term":[{"taxonomy":"product_brand","embeddable":true,"href":"https:\/\/secureus.se\/pl\/wp-json\/wp\/v2\/product_brand?post=115314"},{"taxonomy":"product_cat","embeddable":true,"href":"https:\/\/secureus.se\/pl\/wp-json\/wp\/v2\/product_cat?post=115314"},{"taxonomy":"product_tag","embeddable":true,"href":"https:\/\/secureus.se\/pl\/wp-json\/wp\/v2\/product_tag?post=115314"}],"curies":[{"name":"wp","href":"https:\/\/api.w.org\/{rel}","templated":true}]}}