{"id":115324,"date":"2024-11-20T14:03:12","date_gmt":"2024-11-20T13:03:12","guid":{"rendered":"https:\/\/secureus.se\/?post_type=product&#038;p=115324"},"modified":"2025-12-31T21:31:15","modified_gmt":"2025-12-31T20:31:15","slug":"magnetklamma-sjalvhaftande-durafix-clip-60-mm-10-pack","status":"publish","type":"product","link":"https:\/\/secureus.se\/pl\/magnetklamma-sjalvhaftande-durafix-clip-60-mm-10-pack\/","title":{"rendered":"Klips magnetyczny samoprzylepny DURAFIX\u00ae CLIP 60 mm 10 szt"},"content":{"rendered":"<p>Publikuj notatki, przypomnienia i szybciej i \u0142atwiej dzi\u0119ki DURAFIX\u00ae. \u0141atwa obs\u0142uga: przymocuj samoprzylepny klips magnetyczny, otw\u00f3rz, w\u0142\u00f3\u017c notatk\u0119 i zamknij. Klips umieszcza si\u0119 na g\u0142adkich powierzchniach, takich jak szafki, szklane drzwi, lod\u00f3wki lub wystawy targowe i nie pozostawia \u015blad\u00f3w po usuni\u0119ciu z g\u0142adkich powierzchni. Wymiary: 60x17 mm (szer. x wys.). Opakowanie 10 zacisk\u00f3w DURAFIX\u00ae CLIP; 4 czarne, 4 srebrne i 2 niebieskie.<\/p>","protected":false},"excerpt":{"rendered":"<p>Magnetyczny klips do notatek, przypomnie\u0144 itp. Samoprzylepne na g\u0142adkich powierzchniach.<\/p>","protected":false},"featured_media":134656,"template":"","meta":{"_acf_changed":false},"product_brand":[],"product_cat":[4269],"product_tag":[4397],"class_list":{"0":"post-115324","1":"product","2":"type-product","3":"status-publish","4":"has-post-thumbnail","6":"product_cat-magnetisk-fastsattning","7":"product_tag-mix","8":"product_shipping_class-tunga-paket","9":"pa_brands-durable","10":"pa_farg-mix","11":"tm-no-options","13":"first","14":"instock","15":"sale","16":"taxable","17":"shipping-taxable","18":"purchasable","19":"product-type-simple"},"acf":[],"_links":{"self":[{"href":"https:\/\/secureus.se\/pl\/wp-json\/wp\/v2\/product\/115324","targetHints":{"allow":["GET"]}}],"collection":[{"href":"https:\/\/secureus.se\/pl\/wp-json\/wp\/v2\/product"}],"about":[{"href":"https:\/\/secureus.se\/pl\/wp-json\/wp\/v2\/types\/product"}],"wp:featuredmedia":[{"embeddable":true,"href":"https:\/\/secureus.se\/pl\/wp-json\/wp\/v2\/media\/134656"}],"wp:attachment":[{"href":"https:\/\/secureus.se\/pl\/wp-json\/wp\/v2\/media?parent=115324"}],"wp:term":[{"taxonomy":"product_brand","embeddable":true,"href":"https:\/\/secureus.se\/pl\/wp-json\/wp\/v2\/product_brand?post=115324"},{"taxonomy":"product_cat","embeddable":true,"href":"https:\/\/secureus.se\/pl\/wp-json\/wp\/v2\/product_cat?post=115324"},{"taxonomy":"product_tag","embeddable":true,"href":"https:\/\/secureus.se\/pl\/wp-json\/wp\/v2\/product_tag?post=115324"}],"curies":[{"name":"wp","href":"https:\/\/api.w.org\/{rel}","templated":true}]}}