{"id":115325,"date":"2024-12-07T15:21:13","date_gmt":"2024-12-07T14:21:13","guid":{"rendered":"https:\/\/secureus.se\/?post_type=product&#038;p=115325"},"modified":"2026-01-12T12:09:18","modified_gmt":"2026-01-12T11:09:18","slug":"nyckelskap-key-box-code-54-med-kombinationslas-och-nyckelinkast","status":"publish","type":"product","link":"https:\/\/secureus.se\/pl\/nyckelskap-key-box-code-54-med-kombinationslas-och-nyckelinkast\/","title":{"rendered":"Szafka na klucze KEY BOX CODE 54 z zamkiem szyfrowym i wk\u0142adk\u0105 na klucz"},"content":{"rendered":"<p>Szafka na klucze zapewnia naturalne miejsce do gromadzenia i przechowywania kluczy, co zapewnia wi\u0119kszy porz\u0105dek i bezpiecze\u0144stwo. Seria konstrukcyjna Durable KEY BOX z r\u00f3\u017cnymi szafkami na klucze jest wykonana z aluminium z przejrzyst\u0105 list\u0105 zawarto\u015bci po wewn\u0119trznej stronie drzwi. Breloki s\u0105 specjalnie zaprojektowane do zawieszenia pomi\u0119dzy dwoma haczykami na pasku kluczy, dzi\u0119ki czemu oznaczenie jest dobrze widoczne, a klucz wisi za brelokiem. W zestawie znajduje si\u0119 zestaw 6 brelok\u00f3w do kluczy w kolorze czerwonym, \u017c\u00f3\u0142tym, niebieskim i czarnym, a tak\u017ce \u015bruby i ko\u0142ki do monta\u017cu. Szablony do drukowania etykiet na breloki i list\u0119 kluczy mo\u017cna pobra\u0107 ze strony https:\/\/www.durable.se\/service\/ladda-ner\/mallar.html. Szafka na klucze posiada zamek szyfrowy z mo\u017cliwo\u015bci\u0105 wyboru a\u017c 1000 kombinacji kod\u00f3w, miejsce na 54 klucze oraz otw\u00f3r u g\u00f3ry umo\u017cliwiaj\u0105cy zwrot kluczy. Wymiary: 40x30x12 cm WxSxG<br \/>\nAkcesoria: Dodatkowe breloki do kluczy numer artyku\u0142u 1957 w r\u00f3\u017cnych kolorach.<\/p>","protected":false},"excerpt":{"rendered":"<p>Aluminiowa szafka na klucze do przechowywania 54 kluczy. Z zamkiem szyfrowym i wk\u0142adk\u0105 na klucz.<\/p>","protected":false},"featured_media":135399,"template":"","meta":{"_acf_changed":false},"product_brand":[],"product_cat":[1932],"product_tag":[4382],"class_list":{"0":"post-115325","1":"product","2":"type-product","3":"status-publish","4":"has-post-thumbnail","6":"product_cat-nyckelgomma-nyckelbox","7":"product_tag-silver","8":"product_shipping_class-tunga-paket","9":"pa_brands-durable","10":"pa_farg-silver","11":"tm-no-options","13":"first","14":"instock","15":"sale","16":"taxable","17":"shipping-taxable","18":"purchasable","19":"product-type-simple"},"acf":[],"_links":{"self":[{"href":"https:\/\/secureus.se\/pl\/wp-json\/wp\/v2\/product\/115325","targetHints":{"allow":["GET"]}}],"collection":[{"href":"https:\/\/secureus.se\/pl\/wp-json\/wp\/v2\/product"}],"about":[{"href":"https:\/\/secureus.se\/pl\/wp-json\/wp\/v2\/types\/product"}],"wp:featuredmedia":[{"embeddable":true,"href":"https:\/\/secureus.se\/pl\/wp-json\/wp\/v2\/media\/135399"}],"wp:attachment":[{"href":"https:\/\/secureus.se\/pl\/wp-json\/wp\/v2\/media?parent=115325"}],"wp:term":[{"taxonomy":"product_brand","embeddable":true,"href":"https:\/\/secureus.se\/pl\/wp-json\/wp\/v2\/product_brand?post=115325"},{"taxonomy":"product_cat","embeddable":true,"href":"https:\/\/secureus.se\/pl\/wp-json\/wp\/v2\/product_cat?post=115325"},{"taxonomy":"product_tag","embeddable":true,"href":"https:\/\/secureus.se\/pl\/wp-json\/wp\/v2\/product_tag?post=115325"}],"curies":[{"name":"wp","href":"https:\/\/api.w.org\/{rel}","templated":true}]}}