{"id":115334,"date":"2024-11-20T14:03:12","date_gmt":"2024-11-20T13:03:12","guid":{"rendered":"https:\/\/secureus.se\/?post_type=product&#038;p=115334"},"modified":"2025-09-15T12:39:40","modified_gmt":"2025-09-15T10:39:40","slug":"magnetklamma-sjalvhaftande-durafix-clip-60-mm-10-pack-2","status":"publish","type":"product","link":"https:\/\/secureus.se\/pl\/magnetklamma-sjalvhaftande-durafix-clip-60-mm-10-pack-2\/","title":{"rendered":"Klips magnetyczny samoprzylepny DURAFIX\u00ae CLIP 60 mm 10 szt"},"content":{"rendered":"<p>Publikuj notatki, przypomnienia i szybciej i \u0142atwiej dzi\u0119ki DURAFIX\u00ae. \u0141atwa obs\u0142uga: przymocuj samoprzylepny klips magnetyczny, otw\u00f3rz, w\u0142\u00f3\u017c notatk\u0119 i zamknij. Klips umieszcza si\u0119 na g\u0142adkich powierzchniach, takich jak szafki, szklane drzwi, lod\u00f3wki lub wystawy targowe i nie pozostawia \u015blad\u00f3w po usuni\u0119ciu z g\u0142adkich powierzchni. Wymiary: 60x17 mm (szer. x wys.). Opakowanie 10 zacisk\u00f3w DURAFIX\u00ae CLIP<\/p>","protected":false},"excerpt":{"rendered":"<p>Magnetyczny klips do notatek, przypomnie\u0144 itp. Samoprzylepne na g\u0142adkich powierzchniach.<\/p>","protected":false},"featured_media":115316,"template":"","meta":{"_acf_changed":false},"product_brand":[],"product_cat":[4269],"product_tag":[],"class_list":{"0":"post-115334","1":"product","2":"type-product","3":"status-publish","4":"has-post-thumbnail","6":"product_cat-magnetisk-fastsattning","7":"pa_brands-durable","8":"pa_farg-silver","9":"tm-no-options","11":"first","12":"instock","13":"sale","14":"taxable","15":"shipping-taxable","16":"purchasable","17":"product-type-simple"},"acf":[],"_links":{"self":[{"href":"https:\/\/secureus.se\/pl\/wp-json\/wp\/v2\/product\/115334","targetHints":{"allow":["GET"]}}],"collection":[{"href":"https:\/\/secureus.se\/pl\/wp-json\/wp\/v2\/product"}],"about":[{"href":"https:\/\/secureus.se\/pl\/wp-json\/wp\/v2\/types\/product"}],"wp:featuredmedia":[{"embeddable":true,"href":"https:\/\/secureus.se\/pl\/wp-json\/wp\/v2\/media\/115316"}],"wp:attachment":[{"href":"https:\/\/secureus.se\/pl\/wp-json\/wp\/v2\/media?parent=115334"}],"wp:term":[{"taxonomy":"product_brand","embeddable":true,"href":"https:\/\/secureus.se\/pl\/wp-json\/wp\/v2\/product_brand?post=115334"},{"taxonomy":"product_cat","embeddable":true,"href":"https:\/\/secureus.se\/pl\/wp-json\/wp\/v2\/product_cat?post=115334"},{"taxonomy":"product_tag","embeddable":true,"href":"https:\/\/secureus.se\/pl\/wp-json\/wp\/v2\/product_tag?post=115334"}],"curies":[{"name":"wp","href":"https:\/\/api.w.org\/{rel}","templated":true}]}}