{"id":115344,"date":"2024-11-20T14:03:41","date_gmt":"2024-11-20T13:03:41","guid":{"rendered":"https:\/\/secureus.se\/?post_type=product&#038;p=115344"},"modified":"2025-09-15T12:39:53","modified_gmt":"2025-09-15T10:39:53","slug":"klamlist-magnetisk-durafix-rail-210-mm","status":"publish","type":"product","link":"https:\/\/secureus.se\/pl\/klamlist-magnetisk-durafix-rail-210-mm\/","title":{"rendered":"Listwa zaciskowa magnetyczna DURAFIX\u00ae RAIL 210 mm"},"content":{"rendered":"<p>Publikuj notatki, przypomnienia i szybciej i \u0142atwiej dzi\u0119ki DURAFIX\u00ae. \u0141atwa obs\u0142uga: przymocuj samoprzylepny pasek magnetyczny, otw\u00f3rz, w\u0142\u00f3\u017c notatk\u0119 i zamknij. Listw\u0119 mocuje si\u0119 na g\u0142adkich powierzchniach takich jak szafki, drzwi szklane, witryny sklepowe, tablice czy stoiska targowe i nie pozostawia \u015blad\u00f3w po usuni\u0119ciu z g\u0142adkich powierzchni. Aby skonfigurowa\u0107 informacje, u\u017cyj jednej lub dw\u00f3ch list. \u015awietnie wygl\u0105da z obu stron tafli szk\u0142a. Wymiary: 210\u00d717 mm (szer. x wys.) odpowiednie dla format\u00f3w A5 w orientacji poziomej i A4 w pionie. Opakowanie zawieraj\u0105ce 5 szyn zaciskowych DURAFIX\u00aeRAIL.<\/p>","protected":false},"excerpt":{"rendered":"<p>Samoprzylepny klips magnetyczny do dokument\u00f3w i notatek. Do formatu pionowego A4 lub poziomego A5.<\/p>","protected":false},"featured_media":115348,"template":"","meta":{"_acf_changed":false},"product_brand":[],"product_cat":[4269],"product_tag":[],"class_list":{"0":"post-115344","1":"product","2":"type-product","3":"status-publish","4":"has-post-thumbnail","6":"product_cat-magnetisk-fastsattning","7":"pa_brands-durable","8":"pa_farg-silver","9":"tm-no-options","11":"first","12":"instock","13":"sale","14":"taxable","15":"shipping-taxable","16":"purchasable","17":"product-type-simple"},"acf":[],"_links":{"self":[{"href":"https:\/\/secureus.se\/pl\/wp-json\/wp\/v2\/product\/115344","targetHints":{"allow":["GET"]}}],"collection":[{"href":"https:\/\/secureus.se\/pl\/wp-json\/wp\/v2\/product"}],"about":[{"href":"https:\/\/secureus.se\/pl\/wp-json\/wp\/v2\/types\/product"}],"wp:featuredmedia":[{"embeddable":true,"href":"https:\/\/secureus.se\/pl\/wp-json\/wp\/v2\/media\/115348"}],"wp:attachment":[{"href":"https:\/\/secureus.se\/pl\/wp-json\/wp\/v2\/media?parent=115344"}],"wp:term":[{"taxonomy":"product_brand","embeddable":true,"href":"https:\/\/secureus.se\/pl\/wp-json\/wp\/v2\/product_brand?post=115344"},{"taxonomy":"product_cat","embeddable":true,"href":"https:\/\/secureus.se\/pl\/wp-json\/wp\/v2\/product_cat?post=115344"},{"taxonomy":"product_tag","embeddable":true,"href":"https:\/\/secureus.se\/pl\/wp-json\/wp\/v2\/product_tag?post=115344"}],"curies":[{"name":"wp","href":"https:\/\/api.w.org\/{rel}","templated":true}]}}