{"id":115345,"date":"2024-11-20T14:15:54","date_gmt":"2024-11-20T13:15:54","guid":{"rendered":"https:\/\/secureus.se\/?post_type=product&#038;p=115345"},"modified":"2026-01-12T12:06:38","modified_gmt":"2026-01-12T11:06:38","slug":"plastficka-a4l-sjalvhaftande","status":"publish","type":"product","link":"https:\/\/secureus.se\/pl\/plastficka-a4l-sjalvhaftande\/","title":{"rendered":"Kiesze\u0144 plastikowa A4L samoprzylepna"},"content":{"rendered":"<p>Jasne i kompleksowe oznakowanie p\u00f3\u0142ek, szaf, drzwi, palet, kontener\u00f3w i innych przestrzeni usprawnia i usprawnia proces pracy w magazynach i zak\u0142adach produkcyjnych. Samoprzylepne plastikowe kieszonki wykonane z wytrzyma\u0142ego polipropylenu mo\u017cna odczyta\u0107 za pomoc\u0105 skanera i chroni\u0107 wymienne etykiety przed zabrudzeniem. Dwa samoprzylepne paski z ty\u0142u utrzymuj\u0105 kiesze\u0144 na miejscu. Bezp\u0142atny szablon etykiety jest dost\u0119pny na stronie www.duraprint.se.<br \/>\nWymiary wewn\u0119trzne: A4S (297 x 210 mm szer. x wys.)<br \/>\nWymiary zewn\u0119trzne: 225\u00d7311 mm (szer. x wys.)<br \/>\nAkcesoria: Etykiety na kartkach A4, art. Nr 485602<\/p>","protected":false},"excerpt":{"rendered":"<p>Plastikowa kiesze\u0144 z dwoma samoprzylepnymi paskami z ty\u0142u. Do bardziej trwa\u0142ego zastosowania, np. na paletach i pojemnikach.<\/p>","protected":false},"featured_media":133583,"template":"","meta":{"_acf_changed":false},"product_brand":[],"product_cat":[4306],"product_tag":[4387],"class_list":{"0":"post-115345","1":"product","2":"type-product","3":"status-publish","4":"has-post-thumbnail","6":"product_cat-markning-pallstall","7":"product_tag-bla","8":"product_shipping_class-tunga-paket","9":"pa_brands-durable","10":"pa_farg-bla","11":"tm-no-options","13":"first","14":"instock","15":"sale","16":"taxable","17":"shipping-taxable","18":"purchasable","19":"product-type-simple"},"acf":[],"_links":{"self":[{"href":"https:\/\/secureus.se\/pl\/wp-json\/wp\/v2\/product\/115345","targetHints":{"allow":["GET"]}}],"collection":[{"href":"https:\/\/secureus.se\/pl\/wp-json\/wp\/v2\/product"}],"about":[{"href":"https:\/\/secureus.se\/pl\/wp-json\/wp\/v2\/types\/product"}],"wp:featuredmedia":[{"embeddable":true,"href":"https:\/\/secureus.se\/pl\/wp-json\/wp\/v2\/media\/133583"}],"wp:attachment":[{"href":"https:\/\/secureus.se\/pl\/wp-json\/wp\/v2\/media?parent=115345"}],"wp:term":[{"taxonomy":"product_brand","embeddable":true,"href":"https:\/\/secureus.se\/pl\/wp-json\/wp\/v2\/product_brand?post=115345"},{"taxonomy":"product_cat","embeddable":true,"href":"https:\/\/secureus.se\/pl\/wp-json\/wp\/v2\/product_cat?post=115345"},{"taxonomy":"product_tag","embeddable":true,"href":"https:\/\/secureus.se\/pl\/wp-json\/wp\/v2\/product_tag?post=115345"}],"curies":[{"name":"wp","href":"https:\/\/api.w.org\/{rel}","templated":true}]}}