{"id":115364,"date":"2024-11-20T14:10:22","date_gmt":"2024-11-20T13:10:22","guid":{"rendered":"https:\/\/secureus.se\/?post_type=product&#038;p=115364"},"modified":"2026-01-12T12:03:01","modified_gmt":"2026-01-12T11:03:01","slug":"golvmarkering-l-form","status":"publish","type":"product","link":"https:\/\/secureus.se\/pl\/golvmarkering-l-form\/","title":{"rendered":"Oznaczenie pod\u0142ogi \u201ew kszta\u0142cie litery L\u201d"},"content":{"rendered":"<p>Samoprzylepny symbol do oznakowania pod\u0142\u00f3g w kszta\u0142cie litery \u201eL\u201d do wewn\u0119trznego oznaczania naro\u017cnik\u00f3w miejsc paletowych lub innych rozgranicze\u0144. Mocuje si\u0119 do czystych i suchych pod\u0142\u00f3g betonowych. Trwa\u0142e i trwa\u0142e, posiadaj\u0105ce klas\u0119 antypo\u015blizgowo\u015bci R9 zgodnie z norm\u0105 DIN 51130.<br \/>\nWymiary (szer. x wys. x g\u0142.): 100 mm x 0,7 mm x 150 mm<\/p>","protected":false},"excerpt":{"rendered":"<p>Samoprzylepne oznaczenie pod\u0142ogowe w kszta\u0142cie litery \u201eL\u201d do oznaczania miejsc na paletach lub innych wydzielonych powierzchni.<\/p>","protected":false},"featured_media":133774,"template":"","meta":{"_acf_changed":false},"product_brand":[],"product_cat":[4302],"product_tag":[4395],"class_list":{"0":"post-115364","1":"product","2":"type-product","3":"status-publish","4":"has-post-thumbnail","6":"product_cat-markeringar-av-uppstallningsplatser","7":"product_tag-gul","8":"product_shipping_class-tunga-paket","9":"pa_brands-durable","10":"pa_farg-gul","11":"tm-no-options","13":"first","14":"instock","15":"sale","16":"taxable","17":"shipping-taxable","18":"purchasable","19":"product-type-simple"},"acf":[],"_links":{"self":[{"href":"https:\/\/secureus.se\/pl\/wp-json\/wp\/v2\/product\/115364","targetHints":{"allow":["GET"]}}],"collection":[{"href":"https:\/\/secureus.se\/pl\/wp-json\/wp\/v2\/product"}],"about":[{"href":"https:\/\/secureus.se\/pl\/wp-json\/wp\/v2\/types\/product"}],"wp:featuredmedia":[{"embeddable":true,"href":"https:\/\/secureus.se\/pl\/wp-json\/wp\/v2\/media\/133774"}],"wp:attachment":[{"href":"https:\/\/secureus.se\/pl\/wp-json\/wp\/v2\/media?parent=115364"}],"wp:term":[{"taxonomy":"product_brand","embeddable":true,"href":"https:\/\/secureus.se\/pl\/wp-json\/wp\/v2\/product_brand?post=115364"},{"taxonomy":"product_cat","embeddable":true,"href":"https:\/\/secureus.se\/pl\/wp-json\/wp\/v2\/product_cat?post=115364"},{"taxonomy":"product_tag","embeddable":true,"href":"https:\/\/secureus.se\/pl\/wp-json\/wp\/v2\/product_tag?post=115364"}],"curies":[{"name":"wp","href":"https:\/\/api.w.org\/{rel}","templated":true}]}}