{"id":115365,"date":"2024-11-20T14:13:11","date_gmt":"2024-11-20T13:13:11","guid":{"rendered":"https:\/\/secureus.se\/?post_type=product&#038;p=115365"},"modified":"2026-01-12T12:49:24","modified_gmt":"2026-01-12T11:49:24","slug":"namnskylt-a4-ark-m-inbjudan-visitor-badge","status":"publish","type":"product","link":"https:\/\/secureus.se\/pl\/namnskylt-a4-ark-m-inbjudan-visitor-badge\/","title":{"rendered":"Imienny identyfikator Arkusz A4 z zaproszeniem ODWIED\u0179 GO\u015aCIA"},"content":{"rendered":"<p>Wy\u015blij zaproszenie lub program na wi\u0119ksze wydarzenia w tym samym czasie, gdy uczestnicy otrzymaj\u0105 plakietk\u0119 imienn\u0105 lub plakietk\u0119 go\u015bcia. Znak \u2013 posiadaj\u0105cy warstw\u0119 samoprzylepn\u0105 \u2013 jest usuwany z arkusza papieru i sklejany jest prz\u00f3d i ty\u0142. Z otworami umo\u017cliwiaj\u0105cymi przyczepienie np. tekstylnego naszyjnika\/\u0142a\u0144cuszka do kluczy. Tabliczk\u0119 znamionow\u0105 mo\u017cna zaprojektowa\u0107 w darmowym programie DURAPRINT\u00ae i wydrukowa\u0107 na drukarce laserowej. Wymiary tabliczki znamionowej to 97x86mm.<\/p>","protected":false},"excerpt":{"rendered":"<p>Tabliczka znamionowa wydarzenia. Kartka formatu A4 z miejscem na zaproszenie lub program i plakietk\u0105 z imieniem, kt\u00f3r\u0105 mo\u017cna usun\u0105\u0107 z kartki.<\/p>","protected":false},"featured_media":133620,"template":"","meta":{"_acf_changed":false},"product_brand":[],"product_cat":[4273],"product_tag":[4396],"class_list":{"0":"post-115365","1":"product","2":"type-product","3":"status-publish","4":"has-post-thumbnail","6":"product_cat-namnskyltar-utan-faste","7":"product_tag-vit","8":"product_shipping_class-tunga-paket","9":"pa_brands-durable","10":"pa_farg-vit","11":"tm-no-options","13":"first","14":"instock","15":"sale","16":"taxable","17":"shipping-taxable","18":"purchasable","19":"product-type-simple"},"acf":[],"_links":{"self":[{"href":"https:\/\/secureus.se\/pl\/wp-json\/wp\/v2\/product\/115365","targetHints":{"allow":["GET"]}}],"collection":[{"href":"https:\/\/secureus.se\/pl\/wp-json\/wp\/v2\/product"}],"about":[{"href":"https:\/\/secureus.se\/pl\/wp-json\/wp\/v2\/types\/product"}],"wp:featuredmedia":[{"embeddable":true,"href":"https:\/\/secureus.se\/pl\/wp-json\/wp\/v2\/media\/133620"}],"wp:attachment":[{"href":"https:\/\/secureus.se\/pl\/wp-json\/wp\/v2\/media?parent=115365"}],"wp:term":[{"taxonomy":"product_brand","embeddable":true,"href":"https:\/\/secureus.se\/pl\/wp-json\/wp\/v2\/product_brand?post=115365"},{"taxonomy":"product_cat","embeddable":true,"href":"https:\/\/secureus.se\/pl\/wp-json\/wp\/v2\/product_cat?post=115365"},{"taxonomy":"product_tag","embeddable":true,"href":"https:\/\/secureus.se\/pl\/wp-json\/wp\/v2\/product_tag?post=115365"}],"curies":[{"name":"wp","href":"https:\/\/api.w.org\/{rel}","templated":true}]}}