{"id":115387,"date":"2024-11-20T14:13:38","date_gmt":"2024-11-20T13:13:38","guid":{"rendered":"https:\/\/secureus.se\/?post_type=product&#038;p=115387"},"modified":"2025-12-31T21:28:23","modified_gmt":"2025-12-31T20:28:23","slug":"namnskylt-classic-30x65-nal-klamfaste","status":"publish","type":"product","link":"https:\/\/secureus.se\/pl\/namnskylt-classic-30x65-nal-klamfaste\/","title":{"rendered":"Tabliczka znamionowa CLASSIC 30\u00d765, mocowanie na pin\/klips"},"content":{"rendered":"<p>Uczestnicy konferencji, go\u015bcie firm, pracownicy targ\u00f3w, sklep\u00f3w, osoby wykonuj\u0105ce zawody us\u0142ugowe i sprzedawcy \u2013 list\u0119 mo\u017cna rozszerzy\u0107 tam, gdzie potrzebne s\u0105 identyfikatory w r\u00f3\u017cnych rozmiarach, wzorach i mo\u017cliwo\u015bciach mocowania. Ten elegancki znak o wymiarach 30\u00d765 mm o wygl\u0105dzie aluminium, z odporn\u0105 na zarysowania ramk\u0105, jest lekko wypuk\u0142y, co sprawia, \u017ce tekst jest wyj\u0105tkowo \u0142atwy do odczytania. Zacisk kombinowany daje mo\u017cliwo\u015b\u0107 wyboru sposobu mocowania znaku. \u0141atwe do usuni\u0119cia i wymiany plakietki z imieniem. W zestawie bia\u0142e etykiety. Etykiety na arkuszach A4 do druku w drukarkach mo\u017cna zam\u00f3wi\u0107 osobno. Skorzystaj z bezp\u0142atnego programu DURAPRINT\u00ae dost\u0119pnego na www.duraprint.se, aby tworzy\u0107 i drukowa\u0107 stylowe etykiety imienne.<br \/>\nAkcesoria:<br \/>\nEtykiety Badgemaker\u00ae na kartkach A4 do druku w drukarce, nr art. 142302<\/p>","protected":false},"excerpt":{"rendered":"<p>Lekka wypuk\u0142a tabliczka znamionowa z ocynkowan\u0105 ramk\u0105, kt\u00f3r\u0105 mo\u017cna przymocowa\u0107 za pomoc\u0105 agrafki lub klipsa. Elegancki aluminiowy wygl\u0105d w rozmiarze 30x65mm. 10 szt.\/opakowanie<\/p>","protected":false},"featured_media":133692,"template":"","meta":{"_acf_changed":false},"product_brand":[],"product_cat":[4282],"product_tag":[4382],"class_list":{"0":"post-115387","1":"product","2":"type-product","3":"status-publish","4":"has-post-thumbnail","6":"product_cat-namnskyltar-med-nal","7":"product_tag-silver","8":"product_shipping_class-tunga-paket","9":"pa_brands-durable","10":"pa_farg-silver","11":"tm-no-options","13":"first","14":"instock","15":"sale","16":"taxable","17":"shipping-taxable","18":"purchasable","19":"product-type-simple"},"acf":[],"_links":{"self":[{"href":"https:\/\/secureus.se\/pl\/wp-json\/wp\/v2\/product\/115387","targetHints":{"allow":["GET"]}}],"collection":[{"href":"https:\/\/secureus.se\/pl\/wp-json\/wp\/v2\/product"}],"about":[{"href":"https:\/\/secureus.se\/pl\/wp-json\/wp\/v2\/types\/product"}],"wp:featuredmedia":[{"embeddable":true,"href":"https:\/\/secureus.se\/pl\/wp-json\/wp\/v2\/media\/133692"}],"wp:attachment":[{"href":"https:\/\/secureus.se\/pl\/wp-json\/wp\/v2\/media?parent=115387"}],"wp:term":[{"taxonomy":"product_brand","embeddable":true,"href":"https:\/\/secureus.se\/pl\/wp-json\/wp\/v2\/product_brand?post=115387"},{"taxonomy":"product_cat","embeddable":true,"href":"https:\/\/secureus.se\/pl\/wp-json\/wp\/v2\/product_cat?post=115387"},{"taxonomy":"product_tag","embeddable":true,"href":"https:\/\/secureus.se\/pl\/wp-json\/wp\/v2\/product_tag?post=115387"}],"curies":[{"name":"wp","href":"https:\/\/api.w.org\/{rel}","templated":true}]}}