{"id":115422,"date":"2024-12-07T15:21:14","date_gmt":"2024-12-07T14:21:14","guid":{"rendered":"https:\/\/secureus.se\/?post_type=product&#038;p=115422"},"modified":"2026-01-12T12:53:08","modified_gmt":"2026-01-12T11:53:08","slug":"magnet-set-faste-till-plastkort","status":"publish","type":"product","link":"https:\/\/secureus.se\/pl\/magnet-set-faste-till-plastkort\/","title":{"rendered":"Zestaw magnes\u00f3w, przystawka do kart plastikowych"},"content":{"rendered":"<p>10 par samoprzylepnych magnes\u00f3w do u\u017cytku z kartami plastikowymi DURACARD. Samoprzylepna ta\u015bma mocuj\u0105ca metalow\u0105 p\u0142ytk\u0119 do plastikowej karty. Dwa punkty magnetyczne na samym magnesie, dzi\u0119ki czemu karta b\u0119dzie stabilnie osadzona na swoim miejscu, gdy b\u0119dzie u\u017cywana jako plakietka z imieniem. UWAGA! Nie nadaje si\u0119 dla os\u00f3b z rozrusznikiem serca. Akcesoria: Karta plastikowa, nr art. 891402 i 891502.<\/p>","protected":false},"excerpt":{"rendered":"<p>Samoprzylepny magnes do stosowania z kartami plastikowymi.<\/p>","protected":false},"featured_media":135437,"template":"","meta":{"_acf_changed":false},"product_brand":[],"product_cat":[4269],"product_tag":[],"class_list":{"0":"post-115422","1":"product","2":"type-product","3":"status-publish","4":"has-post-thumbnail","6":"product_cat-magnetisk-fastsattning","7":"product_shipping_class-tunga-paket","8":"pa_brands-durable","9":"tm-no-options","11":"first","12":"instock","13":"sale","14":"taxable","15":"shipping-taxable","16":"purchasable","17":"product-type-simple"},"acf":[],"_links":{"self":[{"href":"https:\/\/secureus.se\/pl\/wp-json\/wp\/v2\/product\/115422","targetHints":{"allow":["GET"]}}],"collection":[{"href":"https:\/\/secureus.se\/pl\/wp-json\/wp\/v2\/product"}],"about":[{"href":"https:\/\/secureus.se\/pl\/wp-json\/wp\/v2\/types\/product"}],"wp:featuredmedia":[{"embeddable":true,"href":"https:\/\/secureus.se\/pl\/wp-json\/wp\/v2\/media\/135437"}],"wp:attachment":[{"href":"https:\/\/secureus.se\/pl\/wp-json\/wp\/v2\/media?parent=115422"}],"wp:term":[{"taxonomy":"product_brand","embeddable":true,"href":"https:\/\/secureus.se\/pl\/wp-json\/wp\/v2\/product_brand?post=115422"},{"taxonomy":"product_cat","embeddable":true,"href":"https:\/\/secureus.se\/pl\/wp-json\/wp\/v2\/product_cat?post=115422"},{"taxonomy":"product_tag","embeddable":true,"href":"https:\/\/secureus.se\/pl\/wp-json\/wp\/v2\/product_tag?post=115422"}],"curies":[{"name":"wp","href":"https:\/\/api.w.org\/{rel}","templated":true}]}}