{"id":115434,"date":"2024-12-07T15:21:15","date_gmt":"2024-12-07T14:21:15","guid":{"rendered":"https:\/\/secureus.se\/?post_type=product&#038;p=115434"},"modified":"2026-01-12T12:53:02","modified_gmt":"2026-01-12T11:53:02","slug":"plastkortskrivare-duracard-id-300","status":"publish","type":"product","link":"https:\/\/secureus.se\/pl\/plastkortskrivare-duracard-id-300\/","title":{"rendered":"Drukarka kart plastikowych DURACARD ID 300"},"content":{"rendered":"<p>Drukarka do kart plastikowych w zestawie Ta\u015bma kolorowa YMCKO do kolorowego druku w jako\u015bci fotograficznej i 100 kart plastikowych w formacie karty kredytowej. Nadruk na kartach jest drop-out, wodoodporny i mo\u017ce by\u0107 drukowany w kolorze wielokolorowym lub monochromatycznym w kolorze czarnym. Zar\u00f3wno magazynek drukarki, jak i taca wyj\u015bciowa mieszcz\u0105 25 grubych (0,75 mm) lub 40 cienkich (0,5 mm) kart. Stw\u00f3rz w\u0142asny projekt na karcie, korzystaj\u0105c z bezp\u0142atnego programu DURAPRINT\u00ae, dost\u0119pnego na stronie www.duraprint.se. Karty doskonale komponuj\u0105 si\u0119 z gam\u0105 etui na karty i akcesori\u00f3w firmy Durable. Pr\u0119dko\u015b\u0107 druku w kolorze 38 sek.\/kart\u0119 = 95 kart\/godz., w czerni 11 sek.\/kart\u0119 = 325 kart\/godz. 16 MB pami\u0119ci (RAM), USB 2.0 (kompatybilne z USB 1.1 i 3.0). Wymagania systemowe Wymagania do u\u017cytku z komputerem PC: Windows XP SP3, VISTA, 7 i 8 lub nowszy. MAC: MAC OS X 10.6 lub nowszy, procesor Intel. Zar\u00f3wno dla komputer\u00f3w PC, jak i MAC: 512 MB RAM, rozdzielczo\u015b\u0107 1024\u00d7768 pikseli, 1 port USB.<\/p>","protected":false},"excerpt":{"rendered":"<p>Drukarka do kart plastikowych w zestawie Ta\u015bma kolorowa YMCKO do nadruku w kolorze oraz 100 kart plastikowych.<\/p>","protected":false},"featured_media":135556,"template":"","meta":{"_acf_changed":false},"product_brand":[],"product_cat":[4344,4347],"product_tag":[],"class_list":{"0":"post-115434","1":"product","2":"type-product","3":"status-publish","4":"has-post-thumbnail","6":"product_cat-duracard","7":"product_cat-kortskrivare-tillbehor-duracard","8":"product_shipping_class-tunga-paket","9":"pa_brands-durable","10":"tm-no-options","12":"first","13":"instock","14":"sale","15":"taxable","16":"shipping-taxable","17":"purchasable","18":"product-type-simple"},"acf":[],"_links":{"self":[{"href":"https:\/\/secureus.se\/pl\/wp-json\/wp\/v2\/product\/115434","targetHints":{"allow":["GET"]}}],"collection":[{"href":"https:\/\/secureus.se\/pl\/wp-json\/wp\/v2\/product"}],"about":[{"href":"https:\/\/secureus.se\/pl\/wp-json\/wp\/v2\/types\/product"}],"wp:featuredmedia":[{"embeddable":true,"href":"https:\/\/secureus.se\/pl\/wp-json\/wp\/v2\/media\/135556"}],"wp:attachment":[{"href":"https:\/\/secureus.se\/pl\/wp-json\/wp\/v2\/media?parent=115434"}],"wp:term":[{"taxonomy":"product_brand","embeddable":true,"href":"https:\/\/secureus.se\/pl\/wp-json\/wp\/v2\/product_brand?post=115434"},{"taxonomy":"product_cat","embeddable":true,"href":"https:\/\/secureus.se\/pl\/wp-json\/wp\/v2\/product_cat?post=115434"},{"taxonomy":"product_tag","embeddable":true,"href":"https:\/\/secureus.se\/pl\/wp-json\/wp\/v2\/product_tag?post=115434"}],"curies":[{"name":"wp","href":"https:\/\/api.w.org\/{rel}","templated":true}]}}