{"id":115476,"date":"2024-11-20T13:57:21","date_gmt":"2024-11-20T12:57:21","guid":{"rendered":"https:\/\/secureus.se\/?post_type=product&#038;p=115476"},"modified":"2026-01-12T12:26:50","modified_gmt":"2026-01-12T11:26:50","slug":"inforam-sjalvhaftande-duraframe-a4-3","status":"publish","type":"product","link":"https:\/\/secureus.se\/pl\/inforam-sjalvhaftande-duraframe-a4-3\/","title":{"rendered":"Infoframe samoprzylepna DURAFRAME\u00ae A4"},"content":{"rendered":"<p>Skorzystaj z samoprzylepnych ramek informacyjnych DURAFRAME\u00ae, aby w profesjonalny, szybki i \u0142atwy spos\u00f3b wy\u015bwietli\u0107 oferty promocyjne, godziny otwarcia, znaki i inne tymczasowe lub trwa\u0142e informacje:<br \/>\nUsu\u0144 papier ochronny - przyklej Duraframe - podnie\u015b prz\u00f3d z zamkni\u0119ciem magnetycznym - w\u0142\u00f3\u017c jeden lub dwa arkusze - z\u0142\u00f3\u017c prz\u00f3d - gotowe! \u0141atwy w monta\u017cu \u2013 bez narz\u0119dzi i innych akcesori\u00f3w \u2013 na twardych i g\u0142adkich powierzchniach. Schludne i \u0142atwiejsze w obs\u0142udze ni\u017c na przyk\u0142ad ta\u015bma, zszywki czy zszywki. Wk\u0142adka pozostaje bezpiecznie na swoim miejscu zar\u00f3wno w pozycji pionowej, jak i poziomej dzi\u0119ki magnesom po wszystkich 3 otwieranych stronach. Ramka wygl\u0105da tak samo z przodu i z ty\u0142u, co \u015bwietnie sprawdza si\u0119 po umieszczeniu na tafli szk\u0142a w celu uzyskania dwustronnego przekazu. Mo\u017cna go zdj\u0105\u0107 z tafli szk\u0142a. Powierzchnie malowane, powlekane lub laminowane mog\u0105 ulec uszkodzeniu w przypadku usuni\u0119cia ramy.<br \/>\nDo dokument\u00f3w w formacie A4. Wymiary zewn\u0119trzne 236\u00d7323 mm. DURAFRAME\u00ae jest dost\u0119pny dla dokument\u00f3w od A6 do A2 w r\u00f3\u017cnych rozmiarach opakowa\u0144. Dost\u0119pny w kilku wersjach kolorystycznych, dzi\u0119ki czemu oznakowanie dopasowuje si\u0119 do przekazu, koloru logo, pory roku lub jest wystarczaj\u0105co widoczne, a mo\u017ce wr\u0119cz odwrotnie \u2013 dyskretne.<br \/>\nOpakowanie zawiera 2 szt.<\/p>\n<p>Do stosowania na wra\u017cliwych pod\u0142o\u017cach, takich jak tapety, powierzchnie malowane, powlekane lub laminowane, nale\u017cy stosowa\u0107 DURAFRAME\u00ae WALLPAPER.<br \/>\nDo stosowania na powierzchniach szklanych nara\u017conych na dzia\u0142anie promieni s\u0142onecznych zalecamy DURAFRAME\u00ae SUN. <\/p>","protected":false},"excerpt":{"rendered":"<p>Samoprzylepna ramka informacyjna do przejrzystego wy\u015bwietlania informacji. Prz\u00f3d zapinany na magnes, co u\u0142atwia wymian\u0119 wk\u0142adu. <\/p>","protected":false},"featured_media":134797,"template":"","meta":{"_acf_changed":false},"product_brand":[],"product_cat":[4296],"product_tag":[],"class_list":{"0":"post-115476","1":"product","2":"type-product","3":"status-publish","4":"has-post-thumbnail","6":"product_cat-inforamar-for-slata-ytor","7":"product_shipping_class-tunga-paket","8":"pa_brands-durable","9":"pa_farg-guld","10":"tm-no-options","12":"first","13":"instock","14":"sale","15":"taxable","16":"shipping-taxable","17":"purchasable","18":"product-type-simple"},"acf":[],"_links":{"self":[{"href":"https:\/\/secureus.se\/pl\/wp-json\/wp\/v2\/product\/115476","targetHints":{"allow":["GET"]}}],"collection":[{"href":"https:\/\/secureus.se\/pl\/wp-json\/wp\/v2\/product"}],"about":[{"href":"https:\/\/secureus.se\/pl\/wp-json\/wp\/v2\/types\/product"}],"wp:featuredmedia":[{"embeddable":true,"href":"https:\/\/secureus.se\/pl\/wp-json\/wp\/v2\/media\/134797"}],"wp:attachment":[{"href":"https:\/\/secureus.se\/pl\/wp-json\/wp\/v2\/media?parent=115476"}],"wp:term":[{"taxonomy":"product_brand","embeddable":true,"href":"https:\/\/secureus.se\/pl\/wp-json\/wp\/v2\/product_brand?post=115476"},{"taxonomy":"product_cat","embeddable":true,"href":"https:\/\/secureus.se\/pl\/wp-json\/wp\/v2\/product_cat?post=115476"},{"taxonomy":"product_tag","embeddable":true,"href":"https:\/\/secureus.se\/pl\/wp-json\/wp\/v2\/product_tag?post=115476"}],"curies":[{"name":"wp","href":"https:\/\/api.w.org\/{rel}","templated":true}]}}