{"id":115505,"date":"2024-11-20T13:56:48","date_gmt":"2024-11-20T12:56:48","guid":{"rendered":"https:\/\/secureus.se\/?post_type=product&#038;p=115505"},"modified":"2026-01-12T12:29:35","modified_gmt":"2026-01-12T11:29:35","slug":"infoficka-a3-statiskt-vidhaftning-5-pack","status":"publish","type":"product","link":"https:\/\/secureus.se\/pl\/infoficka-a3-statiskt-vidhaftning-5-pack\/","title":{"rendered":"Kiesze\u0144 informacyjna A3, klej statyczny, 5 szt"},"content":{"rendered":"<p>Skorzystaj z kieszeni informacyjnej, aby umie\u015bci\u0107 oferty, reklamy i informacje umieszczone po wewn\u0119trznej stronie szklanych lad, witryn sklepowych lub szyb samochodowych. Kiesze\u0144 statycznie przylega do dobrze oczyszczonych, g\u0142adkich powierzchni szklanych \u2013 nawet tych zakrzywionych \u2013 i nie pozostawia \u015blad\u00f3w po usuni\u0119ciu. Odporny na temperatur\u0119 do 70\u00b0 i odporny na promieniowanie UV do 2 lat. Pod\u0142u\u017cny otw\u00f3r na \u015brodku kieszeni u\u0142atwia wk\u0142adanie lub wymian\u0119 dokument\u00f3w. Mo\u017cna go u\u017cywa\u0107 wielokrotnie, w formacie pionowym lub poziomym.<br \/>\nNa dokumenty w formacie A3, wymiary wewn\u0119trzne 303\u00d7430 mm. Wymiary zewn\u0119trzne 323\u00d7236 mm.<br \/>\nOpakowanie zawiera 5 szt.<\/p>","protected":false},"excerpt":{"rendered":"<p>Kiesze\u0144 informacyjna do wewn\u0119trznych powierzchni szklanych - r\u00f3wnie\u017c zakrzywionych, np. szyb samochodowych<\/p>","protected":false},"featured_media":135129,"template":"","meta":{"_acf_changed":false},"product_brand":[],"product_cat":[4294],"product_tag":[4394],"class_list":{"0":"post-115505","1":"product","2":"type-product","3":"status-publish","4":"has-post-thumbnail","6":"product_cat-inforamar-for-solexponerade-ytor","7":"product_tag-antracitgra","8":"product_shipping_class-tunga-paket","9":"pa_brands-durable","10":"pa_farg-antracitgra","11":"tm-no-options","13":"first","14":"instock","15":"sale","16":"taxable","17":"shipping-taxable","18":"purchasable","19":"product-type-simple"},"acf":[],"_links":{"self":[{"href":"https:\/\/secureus.se\/pl\/wp-json\/wp\/v2\/product\/115505","targetHints":{"allow":["GET"]}}],"collection":[{"href":"https:\/\/secureus.se\/pl\/wp-json\/wp\/v2\/product"}],"about":[{"href":"https:\/\/secureus.se\/pl\/wp-json\/wp\/v2\/types\/product"}],"wp:featuredmedia":[{"embeddable":true,"href":"https:\/\/secureus.se\/pl\/wp-json\/wp\/v2\/media\/135129"}],"wp:attachment":[{"href":"https:\/\/secureus.se\/pl\/wp-json\/wp\/v2\/media?parent=115505"}],"wp:term":[{"taxonomy":"product_brand","embeddable":true,"href":"https:\/\/secureus.se\/pl\/wp-json\/wp\/v2\/product_brand?post=115505"},{"taxonomy":"product_cat","embeddable":true,"href":"https:\/\/secureus.se\/pl\/wp-json\/wp\/v2\/product_cat?post=115505"},{"taxonomy":"product_tag","embeddable":true,"href":"https:\/\/secureus.se\/pl\/wp-json\/wp\/v2\/product_tag?post=115505"}],"curies":[{"name":"wp","href":"https:\/\/api.w.org\/{rel}","templated":true}]}}