{"id":115506,"date":"2024-11-20T14:12:51","date_gmt":"2024-11-20T13:12:51","guid":{"rendered":"https:\/\/secureus.se\/?post_type=product&#038;p=115506"},"modified":"2026-01-12T12:48:34","modified_gmt":"2026-01-12T11:48:34","slug":"namnskylt-60x90-utan-faste-2","status":"publish","type":"product","link":"https:\/\/secureus.se\/pl\/namnskylt-60x90-utan-faste-2\/","title":{"rendered":"Tabliczka znamionowa 60\u00d790 bez wspornika"},"content":{"rendered":"<p>Uczestnicy konferencji, go\u015bcie firm, pracownicy targ\u00f3w, sklep\u00f3w, osoby wykonuj\u0105ce zawody us\u0142ugowe i sprzedawcy \u2013 list\u0119 mo\u017cna rozszerzy\u0107 tam, gdzie potrzebne s\u0105 identyfikatory w r\u00f3\u017cnych rozmiarach, wzorach i mo\u017cliwo\u015bciach mocowania. Wybierz sam, jak chcesz po\u0142\u0105czy\u0107 tabliczk\u0119 znamionow\u0105 w formacie poziomym 60x90mm - z tekstylnym naszyjnikiem, klipsem do zawieszenia lub wysuwan\u0105 przystawk\u0105 jo-jo. Wyci\u0119ty prz\u00f3d u\u0142atwia wymian\u0119 karty stosunkowo cz\u0119sto. W zestawie bia\u0142e etykiety w pasku. Etykiety na arkuszach A4 do druku w drukarkach mo\u017cna zam\u00f3wi\u0107 osobno. Skorzystaj z darmowego programu DURAPRINT\u00ae dost\u0119pnego na www.duraprint.se, aby stworzy\u0107 i wydrukowa\u0107 stylowe etykiety imienne.<br \/>\nAkcesoria:<br \/>\nEtykiety Badgemaker\u00ae na kartkach A4 do druku w drukarce, nr art. 145602<\/p>","protected":false},"excerpt":{"rendered":"<p>Tabliczka znamionowa w formacie poziomym 60x90mm z wyci\u0119tym przodem u\u0142atwiaj\u0105cym wymian\u0119 karty. Po\u0142\u0105cz z wybranym dodatkiem: naszyjnikiem, klipsem lub przed\u0142u\u017canym jo-jo. 20 szt.\/opakowanie<\/p>","protected":false},"featured_media":133588,"template":"","meta":{"_acf_changed":false},"product_brand":[],"product_cat":[4273],"product_tag":[4376],"class_list":{"0":"post-115506","1":"product","2":"type-product","3":"status-publish","4":"has-post-thumbnail","6":"product_cat-namnskyltar-utan-faste","7":"product_tag-transparent","8":"product_shipping_class-tunga-paket","9":"pa_brands-durable","10":"pa_farg-transparent","11":"tm-no-options","13":"first","14":"instock","15":"sale","16":"taxable","17":"shipping-taxable","18":"purchasable","19":"product-type-simple"},"acf":[],"_links":{"self":[{"href":"https:\/\/secureus.se\/pl\/wp-json\/wp\/v2\/product\/115506","targetHints":{"allow":["GET"]}}],"collection":[{"href":"https:\/\/secureus.se\/pl\/wp-json\/wp\/v2\/product"}],"about":[{"href":"https:\/\/secureus.se\/pl\/wp-json\/wp\/v2\/types\/product"}],"wp:featuredmedia":[{"embeddable":true,"href":"https:\/\/secureus.se\/pl\/wp-json\/wp\/v2\/media\/133588"}],"wp:attachment":[{"href":"https:\/\/secureus.se\/pl\/wp-json\/wp\/v2\/media?parent=115506"}],"wp:term":[{"taxonomy":"product_brand","embeddable":true,"href":"https:\/\/secureus.se\/pl\/wp-json\/wp\/v2\/product_brand?post=115506"},{"taxonomy":"product_cat","embeddable":true,"href":"https:\/\/secureus.se\/pl\/wp-json\/wp\/v2\/product_cat?post=115506"},{"taxonomy":"product_tag","embeddable":true,"href":"https:\/\/secureus.se\/pl\/wp-json\/wp\/v2\/product_tag?post=115506"}],"curies":[{"name":"wp","href":"https:\/\/api.w.org\/{rel}","templated":true}]}}