{"id":115546,"date":"2024-11-20T14:11:22","date_gmt":"2024-11-20T13:11:22","guid":{"rendered":"https:\/\/secureus.se\/?post_type=product&#038;p=115546"},"modified":"2025-09-15T12:44:03","modified_gmt":"2025-09-15T10:44:03","slug":"kabelsamlare-cavoline-grip-tie","status":"publish","type":"product","link":"https:\/\/secureus.se\/pl\/kabelsamlare-cavoline-grip-tie\/","title":{"rendered":"Kolektor kablowy CAVOLINE\u00ae GRIP TIE"},"content":{"rendered":"<p>Utrzymuj porz\u0105dek w kablach dzi\u0119ki CAVOLINE\u00ae zar\u00f3wno w biurze, jak i w domu. Zbierz kable, a b\u0119dzie wygl\u0105da\u0107 schludniej i b\u0119dzie \u0142atwiejszy do czyszczenia.<br \/>\nRzep o szeroko\u015bci 1 cm mo\u017cna mocno zacisn\u0105\u0107 dzi\u0119ki p\u0119telce. Opaska mo\u017ce by\u0107 u\u017cyta kilka razy. Opakowanie zawiera po jednej sztuce ka\u017cdego koloru: bia\u0142ego, czarnego, niebieskiego, czerwonego i \u017c\u00f3\u0142tego. Wymiary: 20 x 1 cm (d\u0142. x szer.)<\/p>","protected":false},"excerpt":{"rendered":"<p>Samoblokuj\u0105cy kolektor kablowy do wi\u0105zania kabli.<\/p>","protected":false},"featured_media":133812,"template":"","meta":{"_acf_changed":false},"product_brand":[],"product_cat":[4287],"product_tag":[4397],"class_list":{"0":"post-115546","1":"product","2":"type-product","3":"status-publish","4":"has-post-thumbnail","6":"product_cat-kabelsamlare","7":"product_tag-mix","8":"pa_brands-durable","9":"pa_farg-mix","10":"tm-no-options","12":"first","13":"onbackorder","14":"sale","15":"taxable","16":"shipping-taxable","17":"purchasable","18":"product-type-simple"},"acf":[],"_links":{"self":[{"href":"https:\/\/secureus.se\/pl\/wp-json\/wp\/v2\/product\/115546","targetHints":{"allow":["GET"]}}],"collection":[{"href":"https:\/\/secureus.se\/pl\/wp-json\/wp\/v2\/product"}],"about":[{"href":"https:\/\/secureus.se\/pl\/wp-json\/wp\/v2\/types\/product"}],"wp:featuredmedia":[{"embeddable":true,"href":"https:\/\/secureus.se\/pl\/wp-json\/wp\/v2\/media\/133812"}],"wp:attachment":[{"href":"https:\/\/secureus.se\/pl\/wp-json\/wp\/v2\/media?parent=115546"}],"wp:term":[{"taxonomy":"product_brand","embeddable":true,"href":"https:\/\/secureus.se\/pl\/wp-json\/wp\/v2\/product_brand?post=115546"},{"taxonomy":"product_cat","embeddable":true,"href":"https:\/\/secureus.se\/pl\/wp-json\/wp\/v2\/product_cat?post=115546"},{"taxonomy":"product_tag","embeddable":true,"href":"https:\/\/secureus.se\/pl\/wp-json\/wp\/v2\/product_tag?post=115546"}],"curies":[{"name":"wp","href":"https:\/\/api.w.org\/{rel}","templated":true}]}}