{"id":115560,"date":"2024-11-20T14:13:38","date_gmt":"2024-11-20T13:13:38","guid":{"rendered":"https:\/\/secureus.se\/?post_type=product&#038;p=115560"},"modified":"2026-01-12T12:50:54","modified_gmt":"2026-01-12T11:50:54","slug":"namnskylt-badgefix-46x105-sjalvhaftande","status":"publish","type":"product","link":"https:\/\/secureus.se\/pl\/namnskylt-badgefix-46x105-sjalvhaftande\/","title":{"rendered":"Tabliczka znamionowa BADGEFIX 46\u00d7105, samoprzylepna"},"content":{"rendered":"<p>Uczestnicy konferencji, go\u015bcie firm, pracownicy targ\u00f3w, sklep\u00f3w, przedstawiciele zawod\u00f3w us\u0142ugowych i sprzedawcy \u2013 list\u0119 mo\u017cna rozszerzy\u0107 tam, gdzie potrzebne s\u0105 identyfikatory w r\u00f3\u017cnych rozmiarach, wzorach i mo\u017cliwo\u015bciach mocowania. Ta samoprzylepna plakietka z jedwabiem octanowym w formacie 46\u00d7105 mm jest wyj\u0105tkowo szeroka i zapewnia du\u017co miejsca na nazw\u0119 i logo. U\u0142atwia zachowanie dystansu, poniewa\u017c czytelno\u015b\u0107 jest dobra nawet z du\u017cej odleg\u0142o\u015bci. Skorzystaj z bezp\u0142atnego programu DURAPRINT\u00ae dost\u0119pnego na www.duraprint.se, aby tworzy\u0107 i drukowa\u0107 stylowe etykiety imienne. Nie zalecany do jedwabiu, zamszu, sk\u00f3ry i innych wra\u017cliwych materia\u0142\u00f3w. 20 arkuszy = 240 identyfikator\u00f3w w opakowaniu.<\/p>","protected":false},"excerpt":{"rendered":"<p>Samoprzylepna tabliczka znamionowa wykonana z jedwabiu octanowego 46\u00d7105 mm na arkuszach formatu A4 do zadruku. Bardzo szeroki, zapewniaj\u0105cy dobr\u0105 czytelno\u015b\u0107 z du\u017cej odleg\u0142o\u015bci.<\/p>","protected":false},"featured_media":133702,"template":"","meta":{"_acf_changed":false},"product_brand":[],"product_cat":[4275,4274],"product_tag":[4396],"class_list":{"0":"post-115560","1":"product","2":"type-product","3":"status-publish","4":"has-post-thumbnail","6":"product_cat-namnskyltar-kompletta-set","7":"product_cat-namnskyltar-sjalvhaftande","8":"product_tag-vit","9":"product_shipping_class-tunga-paket","10":"pa_brands-durable","11":"pa_farg-vit","12":"tm-no-options","14":"first","15":"instock","16":"sale","17":"taxable","18":"shipping-taxable","19":"purchasable","20":"product-type-simple"},"acf":[],"_links":{"self":[{"href":"https:\/\/secureus.se\/pl\/wp-json\/wp\/v2\/product\/115560","targetHints":{"allow":["GET"]}}],"collection":[{"href":"https:\/\/secureus.se\/pl\/wp-json\/wp\/v2\/product"}],"about":[{"href":"https:\/\/secureus.se\/pl\/wp-json\/wp\/v2\/types\/product"}],"wp:featuredmedia":[{"embeddable":true,"href":"https:\/\/secureus.se\/pl\/wp-json\/wp\/v2\/media\/133702"}],"wp:attachment":[{"href":"https:\/\/secureus.se\/pl\/wp-json\/wp\/v2\/media?parent=115560"}],"wp:term":[{"taxonomy":"product_brand","embeddable":true,"href":"https:\/\/secureus.se\/pl\/wp-json\/wp\/v2\/product_brand?post=115560"},{"taxonomy":"product_cat","embeddable":true,"href":"https:\/\/secureus.se\/pl\/wp-json\/wp\/v2\/product_cat?post=115560"},{"taxonomy":"product_tag","embeddable":true,"href":"https:\/\/secureus.se\/pl\/wp-json\/wp\/v2\/product_tag?post=115560"}],"curies":[{"name":"wp","href":"https:\/\/api.w.org\/{rel}","templated":true}]}}