{"id":115567,"date":"2024-12-07T15:21:15","date_gmt":"2024-12-07T14:21:15","guid":{"rendered":"https:\/\/secureus.se\/?post_type=product&#038;p=115567"},"modified":"2026-01-12T12:29:44","modified_gmt":"2026-01-12T11:29:44","slug":"plastficka-vattentalig-a3-magnetisk","status":"publish","type":"product","link":"https:\/\/secureus.se\/pl\/plastficka-vattentalig-a3-magnetisk\/","title":{"rendered":"Plastikowa kieszonka wodoodporna A3 magnetyczna"},"content":{"rendered":"<p>Wodoodporne i wodoodporne, odporne na warunki atmosferyczne i zarysowania, promieniowanie UV i nieodblaskowe kieszenie z tworzywa sztucznego na dwustronne informacje w \u015brodowiskach nara\u017conych na deszcz, wilgo\u0107, zachlapania i brud, np. przy basenach, saunach, halach budowlanych i sklepach ogrodniczych . Mo\u017cna pra\u0107 i dezynfekowa\u0107. Znak\/informacj\u0119 mo\u017cna wykona\u0107 korzystaj\u0105c z szablon\u00f3w znajduj\u0105cych si\u0119 w darmowym programie duraprint. Plastikowych kieszeni mo\u017cna u\u017cywa\u0107 w formacie pionowym lub poziomym. W zestawie znajduj\u0105 si\u0119 2 kartki A3 o gramaturze 160 g\/m2. Dwa paski magnetyczne znajduj\u0105ce si\u0119 z ty\u0142u kieszeni pozwalaj\u0105 na przyklejenie ich do g\u0142adkich powierzchni magnetycznych. 5 sztuk w woreczku. <\/p>","protected":false},"excerpt":{"rendered":"<p>Wodoodporna plastikowa kiesze\u0144 na informacje na zewn\u0105trz i w wilgotnych pomieszczeniach. Mocuje si\u0119 do powierzchni magnetycznych.<\/p>","protected":false},"featured_media":135485,"template":"","meta":{"_acf_changed":false},"product_brand":[],"product_cat":[4306],"product_tag":[4376],"class_list":{"0":"post-115567","1":"product","2":"type-product","3":"status-publish","4":"has-post-thumbnail","6":"product_cat-markning-pallstall","7":"product_tag-transparent","8":"product_shipping_class-tunga-paket","9":"pa_brands-durable","10":"pa_farg-transparent","11":"tm-no-options","13":"first","14":"instock","15":"sale","16":"taxable","17":"shipping-taxable","18":"purchasable","19":"product-type-simple"},"acf":[],"_links":{"self":[{"href":"https:\/\/secureus.se\/pl\/wp-json\/wp\/v2\/product\/115567","targetHints":{"allow":["GET"]}}],"collection":[{"href":"https:\/\/secureus.se\/pl\/wp-json\/wp\/v2\/product"}],"about":[{"href":"https:\/\/secureus.se\/pl\/wp-json\/wp\/v2\/types\/product"}],"wp:featuredmedia":[{"embeddable":true,"href":"https:\/\/secureus.se\/pl\/wp-json\/wp\/v2\/media\/135485"}],"wp:attachment":[{"href":"https:\/\/secureus.se\/pl\/wp-json\/wp\/v2\/media?parent=115567"}],"wp:term":[{"taxonomy":"product_brand","embeddable":true,"href":"https:\/\/secureus.se\/pl\/wp-json\/wp\/v2\/product_brand?post=115567"},{"taxonomy":"product_cat","embeddable":true,"href":"https:\/\/secureus.se\/pl\/wp-json\/wp\/v2\/product_cat?post=115567"},{"taxonomy":"product_tag","embeddable":true,"href":"https:\/\/secureus.se\/pl\/wp-json\/wp\/v2\/product_tag?post=115567"}],"curies":[{"name":"wp","href":"https:\/\/api.w.org\/{rel}","templated":true}]}}