{"id":115573,"date":"2024-12-07T15:21:13","date_gmt":"2024-12-07T14:21:13","guid":{"rendered":"https:\/\/secureus.se\/?post_type=product&#038;p=115573"},"modified":"2026-03-11T14:42:24","modified_gmt":"2026-03-11T13:42:24","slug":"nyckelskap-key-box-54-med-cylinderlas","status":"publish","type":"product","link":"https:\/\/secureus.se\/pl\/nyckelskap-key-box-54-med-cylinderlas\/","title":{"rendered":"Szafka na klucze KEY BOX 54 z zamkiem b\u0119benkowym"},"content":{"rendered":"<p>Dzi\u0119ki szafce na klucze, istnieje naturalne miejsce do zbierania i przechowywania kluczy, co tworzy lepszy porz\u0105dek i bezpiecze\u0144stwo. Seria Durable KEY BOX z r\u00f3\u017cnymi szafkami na klucze jest wykonana z aluminium z przejrzystym spisem zawarto\u015bci po wewn\u0119trznej stronie drzwi. Breloczki na klucze s\u0105 specjalnie zaprojektowane do zawieszenia mi\u0119dzy dwoma haczykami na pasku na klucze, dzi\u0119ki czemu oznaczenia s\u0105 wyra\u017anie widoczne, a klucz wisi za brelokiem. W zestawie znajduje si\u0119 zestaw zawieraj\u0105cy 6 brelok\u00f3w na klucze w kolorze czerwonym, \u017c\u00f3\u0142tym, niebieskim i czarnym, a tak\u017ce \u015bruby i ko\u0142ki do monta\u017cu. Szablony do drukowania etykiet do brelok\u00f3w na klucze i listy kluczy mo\u017cna pobra\u0107 ze strony https:\/\/www.durable.se\/service\/ladda-ner\/mallar.html . Ta szafka na klucze ma zamek cylindryczny, kt\u00f3ry zawiera 2 klucze i miejsce na 54 klucze. Wymiary: 28x30x12cm wys. x szer. x g\u0142.<br \/>\nAkcesoria: Dodatkowe breloki do kluczy numer artyku\u0142u 1957 w r\u00f3\u017cnych kolorach.<\/p>","protected":false},"excerpt":{"rendered":"<p>Aluminiowa szafka na klucze do przechowywania 54 kluczy.<\/p>","protected":false},"featured_media":135305,"template":"","meta":{"_acf_changed":false},"product_brand":[],"product_cat":[1932],"product_tag":[4382],"class_list":{"0":"post-115573","1":"product","2":"type-product","3":"status-publish","4":"has-post-thumbnail","6":"product_cat-nyckelgomma-nyckelbox","7":"product_tag-silver","8":"product_shipping_class-tunga-paket","9":"pa_brands-durable","10":"pa_farg-silver","11":"tm-no-options","13":"first","14":"instock","15":"sale","16":"taxable","17":"shipping-taxable","18":"purchasable","19":"product-type-simple"},"acf":[],"_links":{"self":[{"href":"https:\/\/secureus.se\/pl\/wp-json\/wp\/v2\/product\/115573","targetHints":{"allow":["GET"]}}],"collection":[{"href":"https:\/\/secureus.se\/pl\/wp-json\/wp\/v2\/product"}],"about":[{"href":"https:\/\/secureus.se\/pl\/wp-json\/wp\/v2\/types\/product"}],"wp:featuredmedia":[{"embeddable":true,"href":"https:\/\/secureus.se\/pl\/wp-json\/wp\/v2\/media\/135305"}],"wp:attachment":[{"href":"https:\/\/secureus.se\/pl\/wp-json\/wp\/v2\/media?parent=115573"}],"wp:term":[{"taxonomy":"product_brand","embeddable":true,"href":"https:\/\/secureus.se\/pl\/wp-json\/wp\/v2\/product_brand?post=115573"},{"taxonomy":"product_cat","embeddable":true,"href":"https:\/\/secureus.se\/pl\/wp-json\/wp\/v2\/product_cat?post=115573"},{"taxonomy":"product_tag","embeddable":true,"href":"https:\/\/secureus.se\/pl\/wp-json\/wp\/v2\/product_tag?post=115573"}],"curies":[{"name":"wp","href":"https:\/\/api.w.org\/{rel}","templated":true}]}}