{"id":115599,"date":"2024-11-20T14:14:11","date_gmt":"2024-11-20T13:14:11","guid":{"rendered":"https:\/\/secureus.se\/?post_type=product&#038;p=115599"},"modified":"2026-01-12T12:46:19","modified_gmt":"2026-01-12T11:46:19","slug":"namnskylt-clip-card-17x67-magnetfaste","status":"publish","type":"product","link":"https:\/\/secureus.se\/pl\/namnskylt-clip-card-17x67-magnetfaste\/","title":{"rendered":"Tabliczka znamionowa CLIP CARD 17\u00d767, mocowanie magnetyczne"},"content":{"rendered":"<p>Uczestnicy konferencji, go\u015bcie firm, pracownicy targ\u00f3w, sklep\u00f3w, przedstawiciele zawod\u00f3w us\u0142ugowych i sprzedawcy \u2013 list\u0119 mo\u017cna rozszerzy\u0107 tam, gdzie potrzebne s\u0105 identyfikatory w r\u00f3\u017cnych rozmiarach, wzorach i mo\u017cliwo\u015bciach mocowania. Ten znak o wymiarach 17x67 mm jest wykonany z akrylu, a akrylowy prz\u00f3d ma efekt lekkiego powi\u0119kszenia, co sprawia, \u017ce tekst jest wyj\u0105tkowo \u0142atwy do odczytania. Przyjazne dla tekstyli\u00f3w mocowanie magnetyczne, kt\u00f3re dobrze sprawdza si\u0119 w przypadku delikatnych ubra\u0144. UWAGA! Nie nadaje si\u0119 dla os\u00f3b z rozrusznikiem serca. W zestawie bia\u0142e etykiety. Etykiety na arkuszach A4 do druku w drukarkach mo\u017cna zam\u00f3wi\u0107 osobno. Skorzystaj z bezp\u0142atnego programu DURAPRINT\u00ae dost\u0119pnego na www.duraprint.se, aby tworzy\u0107 i drukowa\u0107 stylowe etykiety imienne.<br \/>\nAkcesoria:<br \/>\nEtykiety Badgemaker\u00ae na kartkach A4 do druku w drukarce, nr art. 146102<\/p>","protected":false},"excerpt":{"rendered":"<p>Tabliczka znamionowa CLIP CARD z mocowaniem magnetycznym. Front akrylowy z efektem ma\u0142ego powi\u0119kszenia, 17x67mm. 25 szt<\/p>","protected":false},"featured_media":133895,"template":"","meta":{"_acf_changed":false},"product_brand":[],"product_cat":[4286],"product_tag":[4381],"class_list":{"0":"post-115599","1":"product","2":"type-product","3":"status-publish","4":"has-post-thumbnail","6":"product_cat-namnskyltar-med-magnet","7":"product_tag-svart","8":"product_shipping_class-tunga-paket","9":"pa_brands-durable","10":"pa_farg-svart","11":"tm-no-options","13":"first","14":"instock","15":"sale","16":"taxable","17":"shipping-taxable","18":"purchasable","19":"product-type-simple"},"acf":[],"_links":{"self":[{"href":"https:\/\/secureus.se\/pl\/wp-json\/wp\/v2\/product\/115599","targetHints":{"allow":["GET"]}}],"collection":[{"href":"https:\/\/secureus.se\/pl\/wp-json\/wp\/v2\/product"}],"about":[{"href":"https:\/\/secureus.se\/pl\/wp-json\/wp\/v2\/types\/product"}],"wp:featuredmedia":[{"embeddable":true,"href":"https:\/\/secureus.se\/pl\/wp-json\/wp\/v2\/media\/133895"}],"wp:attachment":[{"href":"https:\/\/secureus.se\/pl\/wp-json\/wp\/v2\/media?parent=115599"}],"wp:term":[{"taxonomy":"product_brand","embeddable":true,"href":"https:\/\/secureus.se\/pl\/wp-json\/wp\/v2\/product_brand?post=115599"},{"taxonomy":"product_cat","embeddable":true,"href":"https:\/\/secureus.se\/pl\/wp-json\/wp\/v2\/product_cat?post=115599"},{"taxonomy":"product_tag","embeddable":true,"href":"https:\/\/secureus.se\/pl\/wp-json\/wp\/v2\/product_tag?post=115599"}],"curies":[{"name":"wp","href":"https:\/\/api.w.org\/{rel}","templated":true}]}}