{"id":115607,"date":"2024-11-20T14:14:36","date_gmt":"2024-11-20T13:14:36","guid":{"rendered":"https:\/\/secureus.se\/?post_type=product&#038;p=115607"},"modified":"2026-01-12T12:51:52","modified_gmt":"2026-01-12T11:51:52","slug":"namnskylt-set-40x105-nal-klamma-a4-etikettark","status":"publish","type":"product","link":"https:\/\/secureus.se\/pl\/namnskylt-set-40x105-nal-klamma-a4-etikettark\/","title":{"rendered":"Tabliczka znamionowa ZESTAW 40\u00d7105, przypinka\/klips + arkusz etykiet A4"},"content":{"rendered":"<p>Uczestnicy konferencji, go\u015bcie firm, pracownicy targ\u00f3w, sklep\u00f3w, przedstawiciele zawod\u00f3w us\u0142ugowych i sprzedawcy \u2013 list\u0119 mo\u017cna rozszerzy\u0107 tam, gdzie potrzebne s\u0105 identyfikatory w r\u00f3\u017cnych rozmiarach, wzorach i mo\u017cliwo\u015bciach mocowania. Kompletny zestaw z bardzo szerok\u0105 tabliczk\u0105 znamionow\u0105 40\u00d7105 mm, kt\u00f3ra zapewnia du\u017co miejsca na nazw\u0119 i logo. U\u0142atwia zachowanie dystansu, poniewa\u017c czytelno\u015b\u0107 jest dobra nawet z du\u017cej odleg\u0142o\u015bci. Zacisk kombinowany daje mo\u017cliwo\u015b\u0107 wyboru sposobu mocowania znaku. W zestawie 3 arkusze A4 z bia\u0142ymi etykietami do wydruku w drukarce laserowej, atramentowej lub kopiarce. Skorzystaj z darmowego programu DURAPRINT\u00ae dost\u0119pnego na www.duraprint.se, aby stworzy\u0107 i wydrukowa\u0107 stylowe etykiety imienne.<\/p>","protected":false},"excerpt":{"rendered":"<p>Kompletny zestaw arkuszy etykiet A4 do drukowania w drukarce. 14 identyfikator\u00f3w, kt\u00f3re mo\u017cna przymocowa\u0107 za pomoc\u0105 agrafki lub klipsa. Bardzo szeroki, zapewniaj\u0105cy dobr\u0105 czytelno\u015b\u0107 z du\u017cej odleg\u0142o\u015bci. <\/p>","protected":false},"featured_media":133559,"template":"","meta":{"_acf_changed":false},"product_brand":[],"product_cat":[4275],"product_tag":[],"class_list":{"0":"post-115607","1":"product","2":"type-product","3":"status-publish","4":"has-post-thumbnail","6":"product_cat-namnskyltar-kompletta-set","7":"product_shipping_class-tunga-paket","8":"pa_brands-durable","9":"tm-no-options","11":"first","12":"instock","13":"sale","14":"taxable","15":"shipping-taxable","16":"purchasable","17":"product-type-simple"},"acf":[],"_links":{"self":[{"href":"https:\/\/secureus.se\/pl\/wp-json\/wp\/v2\/product\/115607","targetHints":{"allow":["GET"]}}],"collection":[{"href":"https:\/\/secureus.se\/pl\/wp-json\/wp\/v2\/product"}],"about":[{"href":"https:\/\/secureus.se\/pl\/wp-json\/wp\/v2\/types\/product"}],"wp:featuredmedia":[{"embeddable":true,"href":"https:\/\/secureus.se\/pl\/wp-json\/wp\/v2\/media\/133559"}],"wp:attachment":[{"href":"https:\/\/secureus.se\/pl\/wp-json\/wp\/v2\/media?parent=115607"}],"wp:term":[{"taxonomy":"product_brand","embeddable":true,"href":"https:\/\/secureus.se\/pl\/wp-json\/wp\/v2\/product_brand?post=115607"},{"taxonomy":"product_cat","embeddable":true,"href":"https:\/\/secureus.se\/pl\/wp-json\/wp\/v2\/product_cat?post=115607"},{"taxonomy":"product_tag","embeddable":true,"href":"https:\/\/secureus.se\/pl\/wp-json\/wp\/v2\/product_tag?post=115607"}],"curies":[{"name":"wp","href":"https:\/\/api.w.org\/{rel}","templated":true}]}}